{"id":13817,"date":"2018-08-20T09:01:56","date_gmt":"2018-08-20T09:01:56","guid":{"rendered":"https:\/\/editions-renmusic.com\/produit\/klavier-spielen-band-1\/"},"modified":"2026-02-13T11:33:27","modified_gmt":"2026-02-13T11:33:27","slug":"klavier-spielen-band-1","status":"publish","type":"product","link":"https:\/\/editions-renmusic.com\/de\/produit\/klavier-spielen-band-1\/","title":{"rendered":"L&#8217;asst unes klavier spielen, Band 1"},"content":{"rendered":"<div class=\"wpb-content-wrapper\">[vc_row][vc_column width=&#8220;1\/2&#8243;][vc_column_text css=&#8220;.vc_custom_1536684553057{margin-bottom: 0px !important;}&#8220;]\n<h2><b>Die Grundlagen<\/b><\/h2>\n<p style=\"text-align: justify;\">Wir legen besonderen Wert auf die <strong>Positionierung des K\u00f6rpers und der H\u00e4nde<\/strong>, um technische Fortschritte machen zu k\u00f6nnen.<\/p>\n<p style=\"text-align: justify;\"><strong>Die Verankerung und die Bewegungsfreiheit<\/strong> sind grundlegende pianistische Grundlagen. Dies wird es dem Sch\u00fcler erm\u00f6glichen,<strong> flexibel, sicher und fest zu spielen,<\/strong> ohne jegliche Anspannung und entspannt.<\/p>\n<p style=\"text-align: justify;\">Bei geeigneten St\u00fccken wird <strong>die Beweglichkeit der H\u00e4nde und Handgelenke<\/strong> trainiert, wobei der Schwerpunkt <strong> auf der Qualit\u00e4t und Intensit\u00e4t des Klangs<\/strong> <strong>, der Konzentration, dem Tastsinn und dem Geh\u00f6r<\/strong> liegt.<\/p>\n<p style=\"text-align: justify;\"><strong>Die vorgeschlagenen \u00dcbungen und Lieder <\/strong>wurden speziell zusammengestellt, um<strong> die Grundlagen zu trainieren und die Bewegungen <\/strong>des gesamten sensomotorischen Apparats zu<strong> automatisieren <\/strong>.<\/p>\n[\/vc_column_text][\/vc_column][vc_column width=&#8220;1\/2&#8243;][vc_images_carousel images=&#8220;124,125&#8243; img_size=&#8220;full&#8220;][\/vc_column][\/vc_row][vc_row][vc_column width=&#8220;1\/2&#8243;][vc_images_carousel images=&#8220;126,127,128,129,130,131&#8243; img_size=&#8220;full&#8220;][\/vc_column][vc_column width=&#8220;1\/2&#8243;][vc_empty_space height=&#8220;45px&#8220;][vc_column_text css=&#8220;.vc_custom_1536673890908{margin-bottom: 0px !important;}&#8220;]\n<h2><\/h2>\n<h2><b>Die Technik <\/b><\/h2>\n<p style=\"text-align: justify;\">Im Laufe des Unterrichts, <span style=\"color: #000000;\"><strong>je nach Intensit\u00e4t der Arbeit <\/strong>,<strong>wird<\/strong> <strong>jeder in seinem eigenen Tempo<\/strong> und nach Lust und Laune <strong> die grundlegenden Bewegungen<\/strong> f\u00fcr den Erwerb eines guten<strong> Klavierspiels<\/strong><strong>lernen<\/strong>:<\/span><\/p>\n<ul style=\"text-align: justify;\">\n<li>Non-Legato-Spiel<\/li>\n<li>Stakkato-Spiel<\/li>\n<li>Legato-Spiel<\/li>\n<li>Spiel zwei H\u00e4nde zusammen<\/li>\n<li>Die Intervalle<\/li>\n<li>Die Unabh\u00e4ngigkeit der H\u00e4nde<\/li>\n<li>Die Pedale<\/li>\n<li>Der Daumendurchgang<\/li>\n<li>Die Abkommen&#8230;<\/li>\n<\/ul>\n<p>&nbsp;<\/p>\n<h2><\/h2>\n<h2 style=\"text-align: justify;\"><b>Die \u00dcbungen <\/b><\/h2>\n<p style=\"text-align: justify;\"><span style=\"color: #000000;\">Es gibt auch <strong>theoretische Grundlagen<\/strong> und <strong>\u00dcbungen mit einigen Arrangements<\/strong>, die es dem Sch\u00fcler erm\u00f6glichen, aktuelle Melodien und moderne Melodien zu \u00fcben.<\/span><\/p>\n<p>&nbsp;<\/p>\n<p style=\"text-align: justify;\"><strong>Geschicklichkeit, Beweglichkeit, Pr\u00e4zision und Klangreinheit sind die Schl\u00fcsselw\u00f6rter f\u00fcr einen erfolgreichen Lernprozess!<\/strong><\/p>\n[\/vc_column_text][\/vc_column][\/vc_row][vc_row][vc_column][vc_column_text css=&#8220;.vc_custom_1574762696886{margin-bottom: 0px !important;}&#8220;]Bestellungen, die <strong>per Scheck bezahlt<\/strong> werden, k\u00f6nnen nur telefonisch unter 06 11 80 43 88 entgegengenommen werden.<br \/>\nStellen Sie den Scheck auf &#8222;Order&#8220; aus: <strong><em>Rachmaninov music<\/em><\/strong>[\/vc_column_text][\/vc_column][\/vc_row]\n<\/div>","protected":false},"excerpt":{"rendered":"<p style=\"text-align: center;\"><em><strong>Neue, erg\u00e4nzte und korrigierte Ausgabe<\/strong><\/em><\/p>\n<p><em>von Elvira Caflers und Natalie Godbillon, erschienen im Juli 2017. <\/em><\/p>\n<ul>\n<li style=\"text-align: justify;\"><strong>Klavierunterricht f\u00fcr Anf\u00e4nger.<\/strong><\/li>\n<li style=\"text-align: justify;\">Jouons du piano volume 1 ist das Ergebnis einer mehr als 30-j\u00e4hrigen p\u00e4dagogischen Erfahrung. Diese Methode, die<strong> von zwei Lehrern mit einem Diplom der Traditionellen Russischen Schule entwickelt wurde<\/strong>, richtet sich in erster Linie an Anf\u00e4nger, Kinder und Erwachsene, aber auch an diejenigen, die ihr Klavierspiel perfektionieren m\u00f6chten.<\/li>\n<li style=\"text-align: justify;\">Die Melodien<strong>,<\/strong> Et\u00fcden<strong>, Tonleitern<\/strong> und \u00dcbungen, die hier vorgestellt werden, <strong>konzentrieren sich auf das H\u00f6ren, den Klang, die Vorstellungskraft<\/strong> und die Entwicklung<strong> der Freiheit und Flexibilit\u00e4t des gesamten Bewegungsapparats<\/strong> und zielen durch <strong>einen originellen Ansatz vor allem auf den Erwerb einer soliden Grundlage ab. <\/strong>Alle hier vorgeschlagenen Lerninhalte f\u00fchren zu diesem Ziel, wobei die<strong> P\u00e4dagogik f\u00fcr ein optimales Ergebnis \u00fcberarbeitet wurde<\/strong>.<\/li>\n<\/ul>\n","protected":false},"featured_media":13625,"comment_status":"open","ping_status":"closed","template":"","meta":{"_acf_changed":false},"product_brand":[],"product_cat":[35],"product_tag":[],"class_list":{"0":"post-13817","1":"product","2":"type-product","3":"status-publish","4":"has-post-thumbnail","6":"product_cat-spielen-wir-klavier","8":"first","9":"instock","10":"purchasable","11":"product-type-simple"},"acf":[],"yoast_head":"<!-- This site is optimized with the Yoast SEO plugin v26.8 - https:\/\/yoast.com\/product\/yoast-seo-wordpress\/ -->\n<title>Klavier spielen Band 1 - Klavierunterricht f\u00fcr Anf\u00e4nger<\/title>\n<meta name=\"description\" content=\"Spielen wir Klavier Band 1: Leichte Klaviermethode f\u00fcr Anf\u00e4nger und Kinder. RENMUSIC Verlag online bestellen Klavierspiel Band 1\" \/>\n<meta name=\"robots\" content=\"index, follow, max-snippet:-1, max-image-preview:large, max-video-preview:-1\" \/>\n<link rel=\"canonical\" href=\"https:\/\/editions-renmusic.com\/de\/produit\/klavier-spielen-band-1\/\" \/>\n<meta property=\"og:locale\" content=\"de_DE\" \/>\n<meta property=\"og:type\" content=\"article\" \/>\n<meta property=\"og:title\" content=\"Klavier spielen Band 1 - Klavierunterricht f\u00fcr Anf\u00e4nger\" \/>\n<meta property=\"og:description\" content=\"Spielen wir Klavier Band 1: Leichte Klaviermethode f\u00fcr Anf\u00e4nger und Kinder. RENMUSIC Verlag online bestellen Klavierspiel Band 1\" \/>\n<meta property=\"og:url\" content=\"https:\/\/editions-renmusic.com\/de\/produit\/klavier-spielen-band-1\/\" \/>\n<meta property=\"og:site_name\" content=\"Les Editions RenMusic Maison d&#039;\u00e9dition musical\" \/>\n<meta property=\"article:modified_time\" content=\"2026-02-13T11:33:27+00:00\" \/>\n<meta property=\"og:image\" content=\"https:\/\/editions-renmusic.com\/wp-content\/uploads\/2018\/08\/jouons-du-piano-vol1.jpg\" \/>\n\t<meta property=\"og:image:width\" content=\"610\" \/>\n\t<meta property=\"og:image:height\" content=\"800\" \/>\n\t<meta property=\"og:image:type\" content=\"image\/jpeg\" \/>\n<meta name=\"twitter:card\" content=\"summary_large_image\" \/>\n<meta name=\"twitter:label1\" content=\"Gesch\u00e4tzte Lesezeit\" \/>\n\t<meta name=\"twitter:data1\" content=\"2\u00a0Minuten\" \/>\n<script type=\"application\/ld+json\" class=\"yoast-schema-graph\">{\"@context\":\"https:\/\/schema.org\",\"@graph\":[{\"@type\":\"WebPage\",\"@id\":\"https:\/\/editions-renmusic.com\/de\/produit\/klavier-spielen-band-1\/\",\"url\":\"https:\/\/editions-renmusic.com\/de\/produit\/klavier-spielen-band-1\/\",\"name\":\"Klavier spielen Band 1 - Klavierunterricht f\u00fcr Anf\u00e4nger\",\"isPartOf\":{\"@id\":\"https:\/\/editions-renmusic.com\/de\/#website\"},\"primaryImageOfPage\":{\"@id\":\"https:\/\/editions-renmusic.com\/de\/produit\/klavier-spielen-band-1\/#primaryimage\"},\"image\":{\"@id\":\"https:\/\/editions-renmusic.com\/de\/produit\/klavier-spielen-band-1\/#primaryimage\"},\"thumbnailUrl\":\"https:\/\/editions-renmusic.com\/wp-content\/uploads\/2018\/08\/jouons-du-piano-vol1.jpg\",\"datePublished\":\"2018-08-20T09:01:56+00:00\",\"dateModified\":\"2026-02-13T11:33:27+00:00\",\"description\":\"Spielen wir Klavier Band 1: Leichte Klaviermethode f\u00fcr Anf\u00e4nger und Kinder. RENMUSIC Verlag online bestellen Klavierspiel Band 1\",\"breadcrumb\":{\"@id\":\"https:\/\/editions-renmusic.com\/de\/produit\/klavier-spielen-band-1\/#breadcrumb\"},\"inLanguage\":\"de\",\"potentialAction\":[{\"@type\":\"ReadAction\",\"target\":[\"https:\/\/editions-renmusic.com\/de\/produit\/klavier-spielen-band-1\/\"]}]},{\"@type\":\"ImageObject\",\"inLanguage\":\"de\",\"@id\":\"https:\/\/editions-renmusic.com\/de\/produit\/klavier-spielen-band-1\/#primaryimage\",\"url\":\"https:\/\/editions-renmusic.com\/wp-content\/uploads\/2018\/08\/jouons-du-piano-vol1.jpg\",\"contentUrl\":\"https:\/\/editions-renmusic.com\/wp-content\/uploads\/2018\/08\/jouons-du-piano-vol1.jpg\",\"width\":610,\"height\":800},{\"@type\":\"BreadcrumbList\",\"@id\":\"https:\/\/editions-renmusic.com\/de\/produit\/klavier-spielen-band-1\/#breadcrumb\",\"itemListElement\":[{\"@type\":\"ListItem\",\"position\":1,\"name\":\"Home\",\"item\":\"https:\/\/editions-renmusic.com\/de\/\"},{\"@type\":\"ListItem\",\"position\":2,\"name\":\"Shop\",\"item\":\"https:\/\/editions-renmusic.com\/de\/shop\/\"},{\"@type\":\"ListItem\",\"position\":3,\"name\":\"L&rsquo;asst unes klavier spielen, Band 1\"}]},{\"@type\":\"WebSite\",\"@id\":\"https:\/\/editions-renmusic.com\/de\/#website\",\"url\":\"https:\/\/editions-renmusic.com\/de\/\",\"name\":\"Les Editions RenMusic Maison d&#039;\u00e9dition musical\",\"description\":\"\u00a0publication d&#039;une \u00a0m\u00e9thode de piano pour d\u00e9butant\",\"potentialAction\":[{\"@type\":\"SearchAction\",\"target\":{\"@type\":\"EntryPoint\",\"urlTemplate\":\"https:\/\/editions-renmusic.com\/de\/?s={search_term_string}\"},\"query-input\":{\"@type\":\"PropertyValueSpecification\",\"valueRequired\":true,\"valueName\":\"search_term_string\"}}],\"inLanguage\":\"de\"}]}<\/script>\n<!-- \/ Yoast SEO plugin. -->","yoast_head_json":{"title":"Klavier spielen Band 1 - Klavierunterricht f\u00fcr Anf\u00e4nger","description":"Spielen wir Klavier Band 1: Leichte Klaviermethode f\u00fcr Anf\u00e4nger und Kinder. RENMUSIC Verlag online bestellen Klavierspiel Band 1","robots":{"index":"index","follow":"follow","max-snippet":"max-snippet:-1","max-image-preview":"max-image-preview:large","max-video-preview":"max-video-preview:-1"},"canonical":"https:\/\/editions-renmusic.com\/de\/produit\/klavier-spielen-band-1\/","og_locale":"de_DE","og_type":"article","og_title":"Klavier spielen Band 1 - Klavierunterricht f\u00fcr Anf\u00e4nger","og_description":"Spielen wir Klavier Band 1: Leichte Klaviermethode f\u00fcr Anf\u00e4nger und Kinder. RENMUSIC Verlag online bestellen Klavierspiel Band 1","og_url":"https:\/\/editions-renmusic.com\/de\/produit\/klavier-spielen-band-1\/","og_site_name":"Les Editions RenMusic Maison d&#039;\u00e9dition musical","article_modified_time":"2026-02-13T11:33:27+00:00","og_image":[{"width":610,"height":800,"url":"https:\/\/editions-renmusic.com\/wp-content\/uploads\/2018\/08\/jouons-du-piano-vol1.jpg","type":"image\/jpeg"}],"twitter_card":"summary_large_image","twitter_misc":{"Gesch\u00e4tzte Lesezeit":"2\u00a0Minuten"},"schema":{"@context":"https:\/\/schema.org","@graph":[{"@type":"WebPage","@id":"https:\/\/editions-renmusic.com\/de\/produit\/klavier-spielen-band-1\/","url":"https:\/\/editions-renmusic.com\/de\/produit\/klavier-spielen-band-1\/","name":"Klavier spielen Band 1 - Klavierunterricht f\u00fcr Anf\u00e4nger","isPartOf":{"@id":"https:\/\/editions-renmusic.com\/de\/#website"},"primaryImageOfPage":{"@id":"https:\/\/editions-renmusic.com\/de\/produit\/klavier-spielen-band-1\/#primaryimage"},"image":{"@id":"https:\/\/editions-renmusic.com\/de\/produit\/klavier-spielen-band-1\/#primaryimage"},"thumbnailUrl":"https:\/\/editions-renmusic.com\/wp-content\/uploads\/2018\/08\/jouons-du-piano-vol1.jpg","datePublished":"2018-08-20T09:01:56+00:00","dateModified":"2026-02-13T11:33:27+00:00","description":"Spielen wir Klavier Band 1: Leichte Klaviermethode f\u00fcr Anf\u00e4nger und Kinder. RENMUSIC Verlag online bestellen Klavierspiel Band 1","breadcrumb":{"@id":"https:\/\/editions-renmusic.com\/de\/produit\/klavier-spielen-band-1\/#breadcrumb"},"inLanguage":"de","potentialAction":[{"@type":"ReadAction","target":["https:\/\/editions-renmusic.com\/de\/produit\/klavier-spielen-band-1\/"]}]},{"@type":"ImageObject","inLanguage":"de","@id":"https:\/\/editions-renmusic.com\/de\/produit\/klavier-spielen-band-1\/#primaryimage","url":"https:\/\/editions-renmusic.com\/wp-content\/uploads\/2018\/08\/jouons-du-piano-vol1.jpg","contentUrl":"https:\/\/editions-renmusic.com\/wp-content\/uploads\/2018\/08\/jouons-du-piano-vol1.jpg","width":610,"height":800},{"@type":"BreadcrumbList","@id":"https:\/\/editions-renmusic.com\/de\/produit\/klavier-spielen-band-1\/#breadcrumb","itemListElement":[{"@type":"ListItem","position":1,"name":"Home","item":"https:\/\/editions-renmusic.com\/de\/"},{"@type":"ListItem","position":2,"name":"Shop","item":"https:\/\/editions-renmusic.com\/de\/shop\/"},{"@type":"ListItem","position":3,"name":"L&rsquo;asst unes klavier spielen, Band 1"}]},{"@type":"WebSite","@id":"https:\/\/editions-renmusic.com\/de\/#website","url":"https:\/\/editions-renmusic.com\/de\/","name":"Les Editions RenMusic Maison d&#039;\u00e9dition musical","description":"\u00a0publication d&#039;une \u00a0m\u00e9thode de piano pour d\u00e9butant","potentialAction":[{"@type":"SearchAction","target":{"@type":"EntryPoint","urlTemplate":"https:\/\/editions-renmusic.com\/de\/?s={search_term_string}"},"query-input":{"@type":"PropertyValueSpecification","valueRequired":true,"valueName":"search_term_string"}}],"inLanguage":"de"}]}},"_links":{"self":[{"href":"https:\/\/editions-renmusic.com\/de\/wp-json\/wp\/v2\/product\/13817","targetHints":{"allow":["GET"]}}],"collection":[{"href":"https:\/\/editions-renmusic.com\/de\/wp-json\/wp\/v2\/product"}],"about":[{"href":"https:\/\/editions-renmusic.com\/de\/wp-json\/wp\/v2\/types\/product"}],"replies":[{"embeddable":true,"href":"https:\/\/editions-renmusic.com\/de\/wp-json\/wp\/v2\/comments?post=13817"}],"wp:featuredmedia":[{"embeddable":true,"href":"https:\/\/editions-renmusic.com\/de\/wp-json\/wp\/v2\/media\/13625"}],"wp:attachment":[{"href":"https:\/\/editions-renmusic.com\/de\/wp-json\/wp\/v2\/media?parent=13817"}],"wp:term":[{"taxonomy":"product_brand","embeddable":true,"href":"https:\/\/editions-renmusic.com\/de\/wp-json\/wp\/v2\/product_brand?post=13817"},{"taxonomy":"product_cat","embeddable":true,"href":"https:\/\/editions-renmusic.com\/de\/wp-json\/wp\/v2\/product_cat?post=13817"},{"taxonomy":"product_tag","embeddable":true,"href":"https:\/\/editions-renmusic.com\/de\/wp-json\/wp\/v2\/product_tag?post=13817"}],"curies":[{"name":"wp","href":"https:\/\/api.w.org\/{rel}","templated":true}]}}