{"id":13811,"date":"2022-12-20T09:36:10","date_gmt":"2022-12-20T09:36:10","guid":{"rendered":"https:\/\/editions-renmusic.com\/produit\/spielen-wir-klavier-leichte-studien\/"},"modified":"2026-02-13T11:34:40","modified_gmt":"2026-02-13T11:34:40","slug":"spielen-wir-klavier-leichte-studien","status":"publish","type":"product","link":"https:\/\/editions-renmusic.com\/de\/produit\/spielen-wir-klavier-leichte-studien\/","title":{"rendered":"Spielen wir Klavier Leichte Et\u00fcden"},"content":{"rendered":"<div class=\"wpb-content-wrapper\">[vc_row][vc_column][vc_row_inner][vc_column_inner width=&#8220;1\/4&#8243;][\/vc_column_inner][vc_column_inner width=&#8220;1\/2&#8243;][vc_gallery interval=&#8220;3&#8243; images=&#8220;13041,13042,13043,13044,13045,13046,13048,13049&#8243;][\/vc_column_inner][vc_column_inner width=&#8220;1\/4&#8243;][\/vc_column_inner][\/vc_row_inner][vc_column_text css=&#8220;.vc_custom_1574762696886{margin-bottom: 0px !important;}&#8220;]Bestellungen, die <strong>per Scheck bezahlt<\/strong> werden, k\u00f6nnen nur telefonisch unter 06 11 80 43 88 entgegengenommen werden.<br \/>\nStellen Sie den Scheck auf &#8222;Order&#8220; aus: <strong><em>Rachmaninov music<\/em><\/strong>[\/vc_column_text][\/vc_column][\/vc_row]\n<\/div>","protected":false},"excerpt":{"rendered":"<p><strong><em>EINFACHES Et\u00fcden <\/em><\/strong>&#8222;Level 1&amp;2 Jouons de Piano&#8220;. <strong><em>Leichte Et\u00fcden<\/em><\/strong>&#8222;Niveau 1&amp;2 ist f\u00fcr Anf\u00e4nger, Kinder und Erwachsene gedacht. Dieses Buch enth\u00e4lt unterhaltsame St\u00fccke in verschiedenen Stilen: klassisch, Jazz, modern. Diese St\u00fccke arbeiten mit verschiedenen technischen Schwierigkeiten, die die Entwicklung der kleinen Anschlagsst\u00e4rke und den Erwerb von Beweglichkeit, Festigkeit und Gleichheit der Finger sicherstellen. Referenz f\u00fcr &#8222;<strong><em>LEICHTES Et\u00fcden<\/em><\/strong>&#8222;Niveau 1&amp;2 &#8211; 008 RME, ISBN &#8211; 9 782956 552680, Verkaufspreis ohne MwSt. &#8211; 18\u20ac (nicht mehrwertsteuerpflichtig)<\/p>\n","protected":false},"featured_media":13697,"comment_status":"open","ping_status":"closed","template":"","meta":{"_acf_changed":false},"product_brand":[],"product_cat":[35],"product_tag":[],"class_list":{"0":"post-13811","1":"product","2":"type-product","3":"status-publish","4":"has-post-thumbnail","6":"product_cat-spielen-wir-klavier","8":"first","9":"instock","10":"purchasable","11":"product-type-simple"},"acf":[],"yoast_head":"<!-- This site is optimized with the Yoast SEO plugin v26.8 - https:\/\/yoast.com\/product\/yoast-seo-wordpress\/ -->\n<title>Piano spielen RepertoirePiano spielen Leichte Et\u00fcden<\/title>\n<meta name=\"description\" content=\"Spielen wir Klavier Leichte Studien\" \/>\n<meta name=\"robots\" content=\"index, follow, max-snippet:-1, max-image-preview:large, max-video-preview:-1\" \/>\n<link rel=\"canonical\" href=\"https:\/\/editions-renmusic.com\/de\/produit\/spielen-wir-klavier-leichte-studien\/\" \/>\n<meta property=\"og:locale\" content=\"de_DE\" \/>\n<meta property=\"og:type\" content=\"article\" \/>\n<meta property=\"og:title\" content=\"Piano spielen RepertoirePiano spielen Leichte Et\u00fcden\" \/>\n<meta property=\"og:description\" content=\"Spielen wir Klavier Leichte Studien\" \/>\n<meta property=\"og:url\" content=\"https:\/\/editions-renmusic.com\/de\/produit\/spielen-wir-klavier-leichte-studien\/\" \/>\n<meta property=\"og:site_name\" content=\"Les Editions RenMusic Maison d&#039;\u00e9dition musical\" \/>\n<meta property=\"article:modified_time\" content=\"2026-02-13T11:34:40+00:00\" \/>\n<meta property=\"og:image\" content=\"https:\/\/editions-renmusic.com\/wp-content\/uploads\/2022\/12\/cezar8_1-scaled.jpg\" \/>\n\t<meta property=\"og:image:width\" content=\"1888\" \/>\n\t<meta property=\"og:image:height\" content=\"2560\" \/>\n\t<meta property=\"og:image:type\" content=\"image\/jpeg\" \/>\n<meta name=\"twitter:card\" content=\"summary_large_image\" \/>\n<meta name=\"twitter:label1\" content=\"Gesch\u00e4tzte Lesezeit\" \/>\n\t<meta name=\"twitter:data1\" content=\"1\u00a0Minute\" \/>\n<script type=\"application\/ld+json\" class=\"yoast-schema-graph\">{\"@context\":\"https:\/\/schema.org\",\"@graph\":[{\"@type\":\"WebPage\",\"@id\":\"https:\/\/editions-renmusic.com\/de\/produit\/spielen-wir-klavier-leichte-studien\/\",\"url\":\"https:\/\/editions-renmusic.com\/de\/produit\/spielen-wir-klavier-leichte-studien\/\",\"name\":\"Piano spielen RepertoirePiano spielen Leichte Et\u00fcden\",\"isPartOf\":{\"@id\":\"https:\/\/editions-renmusic.com\/de\/#website\"},\"primaryImageOfPage\":{\"@id\":\"https:\/\/editions-renmusic.com\/de\/produit\/spielen-wir-klavier-leichte-studien\/#primaryimage\"},\"image\":{\"@id\":\"https:\/\/editions-renmusic.com\/de\/produit\/spielen-wir-klavier-leichte-studien\/#primaryimage\"},\"thumbnailUrl\":\"https:\/\/editions-renmusic.com\/wp-content\/uploads\/2022\/12\/cezar8_1-scaled.jpg\",\"datePublished\":\"2022-12-20T09:36:10+00:00\",\"dateModified\":\"2026-02-13T11:34:40+00:00\",\"description\":\"Spielen wir Klavier Leichte Studien\",\"breadcrumb\":{\"@id\":\"https:\/\/editions-renmusic.com\/de\/produit\/spielen-wir-klavier-leichte-studien\/#breadcrumb\"},\"inLanguage\":\"de\",\"potentialAction\":[{\"@type\":\"ReadAction\",\"target\":[\"https:\/\/editions-renmusic.com\/de\/produit\/spielen-wir-klavier-leichte-studien\/\"]}]},{\"@type\":\"ImageObject\",\"inLanguage\":\"de\",\"@id\":\"https:\/\/editions-renmusic.com\/de\/produit\/spielen-wir-klavier-leichte-studien\/#primaryimage\",\"url\":\"https:\/\/editions-renmusic.com\/wp-content\/uploads\/2022\/12\/cezar8_1-scaled.jpg\",\"contentUrl\":\"https:\/\/editions-renmusic.com\/wp-content\/uploads\/2022\/12\/cezar8_1-scaled.jpg\",\"width\":1888,\"height\":2560},{\"@type\":\"BreadcrumbList\",\"@id\":\"https:\/\/editions-renmusic.com\/de\/produit\/spielen-wir-klavier-leichte-studien\/#breadcrumb\",\"itemListElement\":[{\"@type\":\"ListItem\",\"position\":1,\"name\":\"Home\",\"item\":\"https:\/\/editions-renmusic.com\/de\/\"},{\"@type\":\"ListItem\",\"position\":2,\"name\":\"Shop\",\"item\":\"https:\/\/editions-renmusic.com\/de\/shop\/\"},{\"@type\":\"ListItem\",\"position\":3,\"name\":\"Spielen wir Klavier Leichte Et\u00fcden\"}]},{\"@type\":\"WebSite\",\"@id\":\"https:\/\/editions-renmusic.com\/de\/#website\",\"url\":\"https:\/\/editions-renmusic.com\/de\/\",\"name\":\"Les Editions RenMusic Maison d&#039;\u00e9dition musical\",\"description\":\"\u00a0publication d&#039;une \u00a0m\u00e9thode de piano pour d\u00e9butant\",\"potentialAction\":[{\"@type\":\"SearchAction\",\"target\":{\"@type\":\"EntryPoint\",\"urlTemplate\":\"https:\/\/editions-renmusic.com\/de\/?s={search_term_string}\"},\"query-input\":{\"@type\":\"PropertyValueSpecification\",\"valueRequired\":true,\"valueName\":\"search_term_string\"}}],\"inLanguage\":\"de\"}]}<\/script>\n<!-- \/ Yoast SEO plugin. -->","yoast_head_json":{"title":"Piano spielen RepertoirePiano spielen Leichte Et\u00fcden","description":"Spielen wir Klavier Leichte Studien","robots":{"index":"index","follow":"follow","max-snippet":"max-snippet:-1","max-image-preview":"max-image-preview:large","max-video-preview":"max-video-preview:-1"},"canonical":"https:\/\/editions-renmusic.com\/de\/produit\/spielen-wir-klavier-leichte-studien\/","og_locale":"de_DE","og_type":"article","og_title":"Piano spielen RepertoirePiano spielen Leichte Et\u00fcden","og_description":"Spielen wir Klavier Leichte Studien","og_url":"https:\/\/editions-renmusic.com\/de\/produit\/spielen-wir-klavier-leichte-studien\/","og_site_name":"Les Editions RenMusic Maison d&#039;\u00e9dition musical","article_modified_time":"2026-02-13T11:34:40+00:00","og_image":[{"width":1888,"height":2560,"url":"https:\/\/editions-renmusic.com\/wp-content\/uploads\/2022\/12\/cezar8_1-scaled.jpg","type":"image\/jpeg"}],"twitter_card":"summary_large_image","twitter_misc":{"Gesch\u00e4tzte Lesezeit":"1\u00a0Minute"},"schema":{"@context":"https:\/\/schema.org","@graph":[{"@type":"WebPage","@id":"https:\/\/editions-renmusic.com\/de\/produit\/spielen-wir-klavier-leichte-studien\/","url":"https:\/\/editions-renmusic.com\/de\/produit\/spielen-wir-klavier-leichte-studien\/","name":"Piano spielen RepertoirePiano spielen Leichte Et\u00fcden","isPartOf":{"@id":"https:\/\/editions-renmusic.com\/de\/#website"},"primaryImageOfPage":{"@id":"https:\/\/editions-renmusic.com\/de\/produit\/spielen-wir-klavier-leichte-studien\/#primaryimage"},"image":{"@id":"https:\/\/editions-renmusic.com\/de\/produit\/spielen-wir-klavier-leichte-studien\/#primaryimage"},"thumbnailUrl":"https:\/\/editions-renmusic.com\/wp-content\/uploads\/2022\/12\/cezar8_1-scaled.jpg","datePublished":"2022-12-20T09:36:10+00:00","dateModified":"2026-02-13T11:34:40+00:00","description":"Spielen wir Klavier Leichte Studien","breadcrumb":{"@id":"https:\/\/editions-renmusic.com\/de\/produit\/spielen-wir-klavier-leichte-studien\/#breadcrumb"},"inLanguage":"de","potentialAction":[{"@type":"ReadAction","target":["https:\/\/editions-renmusic.com\/de\/produit\/spielen-wir-klavier-leichte-studien\/"]}]},{"@type":"ImageObject","inLanguage":"de","@id":"https:\/\/editions-renmusic.com\/de\/produit\/spielen-wir-klavier-leichte-studien\/#primaryimage","url":"https:\/\/editions-renmusic.com\/wp-content\/uploads\/2022\/12\/cezar8_1-scaled.jpg","contentUrl":"https:\/\/editions-renmusic.com\/wp-content\/uploads\/2022\/12\/cezar8_1-scaled.jpg","width":1888,"height":2560},{"@type":"BreadcrumbList","@id":"https:\/\/editions-renmusic.com\/de\/produit\/spielen-wir-klavier-leichte-studien\/#breadcrumb","itemListElement":[{"@type":"ListItem","position":1,"name":"Home","item":"https:\/\/editions-renmusic.com\/de\/"},{"@type":"ListItem","position":2,"name":"Shop","item":"https:\/\/editions-renmusic.com\/de\/shop\/"},{"@type":"ListItem","position":3,"name":"Spielen wir Klavier Leichte Et\u00fcden"}]},{"@type":"WebSite","@id":"https:\/\/editions-renmusic.com\/de\/#website","url":"https:\/\/editions-renmusic.com\/de\/","name":"Les Editions RenMusic Maison d&#039;\u00e9dition musical","description":"\u00a0publication d&#039;une \u00a0m\u00e9thode de piano pour d\u00e9butant","potentialAction":[{"@type":"SearchAction","target":{"@type":"EntryPoint","urlTemplate":"https:\/\/editions-renmusic.com\/de\/?s={search_term_string}"},"query-input":{"@type":"PropertyValueSpecification","valueRequired":true,"valueName":"search_term_string"}}],"inLanguage":"de"}]}},"_links":{"self":[{"href":"https:\/\/editions-renmusic.com\/de\/wp-json\/wp\/v2\/product\/13811","targetHints":{"allow":["GET"]}}],"collection":[{"href":"https:\/\/editions-renmusic.com\/de\/wp-json\/wp\/v2\/product"}],"about":[{"href":"https:\/\/editions-renmusic.com\/de\/wp-json\/wp\/v2\/types\/product"}],"replies":[{"embeddable":true,"href":"https:\/\/editions-renmusic.com\/de\/wp-json\/wp\/v2\/comments?post=13811"}],"wp:featuredmedia":[{"embeddable":true,"href":"https:\/\/editions-renmusic.com\/de\/wp-json\/wp\/v2\/media\/13697"}],"wp:attachment":[{"href":"https:\/\/editions-renmusic.com\/de\/wp-json\/wp\/v2\/media?parent=13811"}],"wp:term":[{"taxonomy":"product_brand","embeddable":true,"href":"https:\/\/editions-renmusic.com\/de\/wp-json\/wp\/v2\/product_brand?post=13811"},{"taxonomy":"product_cat","embeddable":true,"href":"https:\/\/editions-renmusic.com\/de\/wp-json\/wp\/v2\/product_cat?post=13811"},{"taxonomy":"product_tag","embeddable":true,"href":"https:\/\/editions-renmusic.com\/de\/wp-json\/wp\/v2\/product_tag?post=13811"}],"curies":[{"name":"wp","href":"https:\/\/api.w.org\/{rel}","templated":true}]}}