{"id":13804,"date":"2022-12-20T09:29:12","date_gmt":"2022-12-20T09:29:12","guid":{"rendered":"https:\/\/editions-renmusic.com\/produit\/spielen-wir-klavier-repertoire\/"},"modified":"2026-02-13T11:34:57","modified_gmt":"2026-02-13T11:34:57","slug":"spielen-wir-klavier-repertoire","status":"publish","type":"product","link":"https:\/\/editions-renmusic.com\/de\/produit\/spielen-wir-klavier-repertoire\/","title":{"rendered":"Spielen wir Klavier Repertoire"},"content":{"rendered":"<div class=\"wpb-content-wrapper\">[vc_row][vc_column][vc_row_inner][vc_column_inner width=&#8220;1\/4&#8243;][\/vc_column_inner][vc_column_inner width=&#8220;1\/2&#8243;][vc_gallery interval=&#8220;3&#8243; images=&#8220;13032,13033,13034,13035,13036,13038,13039,13040&#8243; img_size=&#8220;medium&#8220;][\/vc_column_inner][vc_column_inner width=&#8220;1\/4&#8243;][\/vc_column_inner][\/vc_row_inner][vc_column_text css=&#8220;.vc_custom_1574762696886{margin-bottom: 0px !important;}&#8220;]Bestellungen, die <strong>per Scheck bezahlt<\/strong> werden, k\u00f6nnen nur telefonisch unter 06 11 80 43 88 entgegengenommen werden.<br \/>\nStellen Sie den Scheck auf &#8222;Order&#8220; aus: <strong><em>Rachmaninov music<\/em><\/strong>[\/vc_column_text][\/vc_column][\/vc_row]\n<\/div>","protected":false},"excerpt":{"rendered":"<h3><strong>Spielen wir Klavier Repertoire<\/strong><\/h3>\n<p>Spielen wir Klavier &#8220; <strong><em>Repertoire<\/em><\/strong> Das &#8222;Repertoire&#8220; Level 1&amp;2 ist f\u00fcr Anf\u00e4nger, Kinder und Erwachsene als Erg\u00e4nzung zu unserer Methode &#8220; <em>JOUONS DU PIANO<\/em> &#8220; oder anderen Klaviermethoden gedacht. Es enth\u00e4lt neue Kompositionen in verschiedenen Stilen, modern, Jazz, Volksweisen, aber auch Klassiker wie: Anglebert, Arnold, Bach, Bartok, Beethoven, Cl\u00e9menti&#8230;.. Referenz f\u00fcr &#8220; <strong><em>REPERTOIRE<\/em><\/strong> &#8222;Niveau 1&amp;2 &#8211; 007 RME, ISBN &#8211; 9 782956 552697 Verkaufspreis ohne MwSt. &#8211; 20,80 \u20ac (nicht mehrwertsteuerpflichtig) <\/p>\n","protected":false},"featured_media":13693,"comment_status":"open","ping_status":"closed","template":"","meta":{"_acf_changed":false},"product_brand":[],"product_cat":[35],"product_tag":[],"class_list":{"0":"post-13804","1":"product","2":"type-product","3":"status-publish","4":"has-post-thumbnail","6":"product_cat-spielen-wir-klavier","8":"first","9":"instock","10":"purchasable","11":"product-type-simple"},"acf":[],"yoast_head":"<!-- This site is optimized with the Yoast SEO plugin v26.8 - https:\/\/yoast.com\/product\/yoast-seo-wordpress\/ -->\n<title>Klavier spielen Repertoire<\/title>\n<meta name=\"description\" content=\"Spielen wir Klavier Repertoire\" \/>\n<meta name=\"robots\" content=\"index, follow, max-snippet:-1, max-image-preview:large, max-video-preview:-1\" \/>\n<link rel=\"canonical\" href=\"https:\/\/editions-renmusic.com\/de\/produit\/spielen-wir-klavier-repertoire\/\" \/>\n<meta property=\"og:locale\" content=\"de_DE\" \/>\n<meta property=\"og:type\" content=\"article\" \/>\n<meta property=\"og:title\" content=\"Klavier spielen Repertoire\" \/>\n<meta property=\"og:description\" content=\"Spielen wir Klavier Repertoire\" \/>\n<meta property=\"og:url\" content=\"https:\/\/editions-renmusic.com\/de\/produit\/spielen-wir-klavier-repertoire\/\" \/>\n<meta property=\"og:site_name\" content=\"Les Editions RenMusic Maison d&#039;\u00e9dition musical\" \/>\n<meta property=\"article:modified_time\" content=\"2026-02-13T11:34:57+00:00\" \/>\n<meta property=\"og:image\" content=\"https:\/\/editions-renmusic.com\/wp-content\/uploads\/2022\/12\/cezar7_1-scaled.jpg\" \/>\n\t<meta property=\"og:image:width\" content=\"1888\" \/>\n\t<meta property=\"og:image:height\" content=\"2560\" \/>\n\t<meta property=\"og:image:type\" content=\"image\/jpeg\" \/>\n<meta name=\"twitter:card\" content=\"summary_large_image\" \/>\n<script type=\"application\/ld+json\" class=\"yoast-schema-graph\">{\"@context\":\"https:\/\/schema.org\",\"@graph\":[{\"@type\":\"WebPage\",\"@id\":\"https:\/\/editions-renmusic.com\/de\/produit\/spielen-wir-klavier-repertoire\/\",\"url\":\"https:\/\/editions-renmusic.com\/de\/produit\/spielen-wir-klavier-repertoire\/\",\"name\":\"Klavier spielen Repertoire\",\"isPartOf\":{\"@id\":\"https:\/\/editions-renmusic.com\/de\/#website\"},\"primaryImageOfPage\":{\"@id\":\"https:\/\/editions-renmusic.com\/de\/produit\/spielen-wir-klavier-repertoire\/#primaryimage\"},\"image\":{\"@id\":\"https:\/\/editions-renmusic.com\/de\/produit\/spielen-wir-klavier-repertoire\/#primaryimage\"},\"thumbnailUrl\":\"https:\/\/editions-renmusic.com\/wp-content\/uploads\/2022\/12\/cezar7_1-scaled.jpg\",\"datePublished\":\"2022-12-20T09:29:12+00:00\",\"dateModified\":\"2026-02-13T11:34:57+00:00\",\"description\":\"Spielen wir Klavier Repertoire\",\"breadcrumb\":{\"@id\":\"https:\/\/editions-renmusic.com\/de\/produit\/spielen-wir-klavier-repertoire\/#breadcrumb\"},\"inLanguage\":\"de\",\"potentialAction\":[{\"@type\":\"ReadAction\",\"target\":[\"https:\/\/editions-renmusic.com\/de\/produit\/spielen-wir-klavier-repertoire\/\"]}]},{\"@type\":\"ImageObject\",\"inLanguage\":\"de\",\"@id\":\"https:\/\/editions-renmusic.com\/de\/produit\/spielen-wir-klavier-repertoire\/#primaryimage\",\"url\":\"https:\/\/editions-renmusic.com\/wp-content\/uploads\/2022\/12\/cezar7_1-scaled.jpg\",\"contentUrl\":\"https:\/\/editions-renmusic.com\/wp-content\/uploads\/2022\/12\/cezar7_1-scaled.jpg\",\"width\":1888,\"height\":2560},{\"@type\":\"BreadcrumbList\",\"@id\":\"https:\/\/editions-renmusic.com\/de\/produit\/spielen-wir-klavier-repertoire\/#breadcrumb\",\"itemListElement\":[{\"@type\":\"ListItem\",\"position\":1,\"name\":\"Home\",\"item\":\"https:\/\/editions-renmusic.com\/de\/\"},{\"@type\":\"ListItem\",\"position\":2,\"name\":\"Shop\",\"item\":\"https:\/\/editions-renmusic.com\/de\/shop\/\"},{\"@type\":\"ListItem\",\"position\":3,\"name\":\"Spielen wir Klavier Repertoire\"}]},{\"@type\":\"WebSite\",\"@id\":\"https:\/\/editions-renmusic.com\/de\/#website\",\"url\":\"https:\/\/editions-renmusic.com\/de\/\",\"name\":\"Les Editions RenMusic Maison d&#039;\u00e9dition musical\",\"description\":\"\u00a0publication d&#039;une \u00a0m\u00e9thode de piano pour d\u00e9butant\",\"potentialAction\":[{\"@type\":\"SearchAction\",\"target\":{\"@type\":\"EntryPoint\",\"urlTemplate\":\"https:\/\/editions-renmusic.com\/de\/?s={search_term_string}\"},\"query-input\":{\"@type\":\"PropertyValueSpecification\",\"valueRequired\":true,\"valueName\":\"search_term_string\"}}],\"inLanguage\":\"de\"}]}<\/script>\n<!-- \/ Yoast SEO plugin. -->","yoast_head_json":{"title":"Klavier spielen Repertoire","description":"Spielen wir Klavier Repertoire","robots":{"index":"index","follow":"follow","max-snippet":"max-snippet:-1","max-image-preview":"max-image-preview:large","max-video-preview":"max-video-preview:-1"},"canonical":"https:\/\/editions-renmusic.com\/de\/produit\/spielen-wir-klavier-repertoire\/","og_locale":"de_DE","og_type":"article","og_title":"Klavier spielen Repertoire","og_description":"Spielen wir Klavier Repertoire","og_url":"https:\/\/editions-renmusic.com\/de\/produit\/spielen-wir-klavier-repertoire\/","og_site_name":"Les Editions RenMusic Maison d&#039;\u00e9dition musical","article_modified_time":"2026-02-13T11:34:57+00:00","og_image":[{"width":1888,"height":2560,"url":"https:\/\/editions-renmusic.com\/wp-content\/uploads\/2022\/12\/cezar7_1-scaled.jpg","type":"image\/jpeg"}],"twitter_card":"summary_large_image","schema":{"@context":"https:\/\/schema.org","@graph":[{"@type":"WebPage","@id":"https:\/\/editions-renmusic.com\/de\/produit\/spielen-wir-klavier-repertoire\/","url":"https:\/\/editions-renmusic.com\/de\/produit\/spielen-wir-klavier-repertoire\/","name":"Klavier spielen Repertoire","isPartOf":{"@id":"https:\/\/editions-renmusic.com\/de\/#website"},"primaryImageOfPage":{"@id":"https:\/\/editions-renmusic.com\/de\/produit\/spielen-wir-klavier-repertoire\/#primaryimage"},"image":{"@id":"https:\/\/editions-renmusic.com\/de\/produit\/spielen-wir-klavier-repertoire\/#primaryimage"},"thumbnailUrl":"https:\/\/editions-renmusic.com\/wp-content\/uploads\/2022\/12\/cezar7_1-scaled.jpg","datePublished":"2022-12-20T09:29:12+00:00","dateModified":"2026-02-13T11:34:57+00:00","description":"Spielen wir Klavier Repertoire","breadcrumb":{"@id":"https:\/\/editions-renmusic.com\/de\/produit\/spielen-wir-klavier-repertoire\/#breadcrumb"},"inLanguage":"de","potentialAction":[{"@type":"ReadAction","target":["https:\/\/editions-renmusic.com\/de\/produit\/spielen-wir-klavier-repertoire\/"]}]},{"@type":"ImageObject","inLanguage":"de","@id":"https:\/\/editions-renmusic.com\/de\/produit\/spielen-wir-klavier-repertoire\/#primaryimage","url":"https:\/\/editions-renmusic.com\/wp-content\/uploads\/2022\/12\/cezar7_1-scaled.jpg","contentUrl":"https:\/\/editions-renmusic.com\/wp-content\/uploads\/2022\/12\/cezar7_1-scaled.jpg","width":1888,"height":2560},{"@type":"BreadcrumbList","@id":"https:\/\/editions-renmusic.com\/de\/produit\/spielen-wir-klavier-repertoire\/#breadcrumb","itemListElement":[{"@type":"ListItem","position":1,"name":"Home","item":"https:\/\/editions-renmusic.com\/de\/"},{"@type":"ListItem","position":2,"name":"Shop","item":"https:\/\/editions-renmusic.com\/de\/shop\/"},{"@type":"ListItem","position":3,"name":"Spielen wir Klavier Repertoire"}]},{"@type":"WebSite","@id":"https:\/\/editions-renmusic.com\/de\/#website","url":"https:\/\/editions-renmusic.com\/de\/","name":"Les Editions RenMusic Maison d&#039;\u00e9dition musical","description":"\u00a0publication d&#039;une \u00a0m\u00e9thode de piano pour d\u00e9butant","potentialAction":[{"@type":"SearchAction","target":{"@type":"EntryPoint","urlTemplate":"https:\/\/editions-renmusic.com\/de\/?s={search_term_string}"},"query-input":{"@type":"PropertyValueSpecification","valueRequired":true,"valueName":"search_term_string"}}],"inLanguage":"de"}]}},"_links":{"self":[{"href":"https:\/\/editions-renmusic.com\/de\/wp-json\/wp\/v2\/product\/13804","targetHints":{"allow":["GET"]}}],"collection":[{"href":"https:\/\/editions-renmusic.com\/de\/wp-json\/wp\/v2\/product"}],"about":[{"href":"https:\/\/editions-renmusic.com\/de\/wp-json\/wp\/v2\/types\/product"}],"replies":[{"embeddable":true,"href":"https:\/\/editions-renmusic.com\/de\/wp-json\/wp\/v2\/comments?post=13804"}],"wp:featuredmedia":[{"embeddable":true,"href":"https:\/\/editions-renmusic.com\/de\/wp-json\/wp\/v2\/media\/13693"}],"wp:attachment":[{"href":"https:\/\/editions-renmusic.com\/de\/wp-json\/wp\/v2\/media?parent=13804"}],"wp:term":[{"taxonomy":"product_brand","embeddable":true,"href":"https:\/\/editions-renmusic.com\/de\/wp-json\/wp\/v2\/product_brand?post=13804"},{"taxonomy":"product_cat","embeddable":true,"href":"https:\/\/editions-renmusic.com\/de\/wp-json\/wp\/v2\/product_cat?post=13804"},{"taxonomy":"product_tag","embeddable":true,"href":"https:\/\/editions-renmusic.com\/de\/wp-json\/wp\/v2\/product_tag?post=13804"}],"curies":[{"name":"wp","href":"https:\/\/api.w.org\/{rel}","templated":true}]}}