{"id":13796,"date":"2018-07-31T10:19:21","date_gmt":"2018-07-31T10:19:21","guid":{"rendered":"https:\/\/editions-renmusic.com\/elvira-caflers-und-natalia-godbillon\/"},"modified":"2024-10-19T13:57:20","modified_gmt":"2024-10-19T13:57:20","slug":"elvira-caflers-und-natalia-godbillon","status":"publish","type":"page","link":"https:\/\/editions-renmusic.com\/de\/elvira-caflers-und-natalia-godbillon\/","title":{"rendered":"Elvira CAFLERS und Natalia GODBILLON"},"content":{"rendered":"<div class=\"wpb-content-wrapper\">[vc_row][vc_column][vc_column_text css=&#8220;.vc_custom_1536675129620{margin-bottom: 0px !important;}&#8220;]\n<h2 style=\"text-align: left;\"><strong>Elvira CAFLERS und Natalia GODBILLON<\/strong><\/h2>\n<p>Autoren von <a href=\"https:\/\/editions-renmusic.com\/produit\/jouons-du-piano-volume-1\/\"><strong>Klavier spielen Band 1<\/strong><\/a> &amp;   <a href=\"https:\/\/editions-renmusic.com\/produit\/jouons-du-piano-volume-2\/\"><strong>Klavier spielen, Band 2<\/strong><\/a><\/p>\n<p style=\"text-align: justify;\">Was wir mit diesen Seiten<span class=\"Apple-converted-space\">  <\/span>erreichen wollten, ist die Entwicklung einer Methode, um das Klavierspiel zu erlernen, zu verbessern und zu vertiefen.<\/p>\n<blockquote>\n<h4 style=\"text-align: center;\"><span style=\"font-size: 14pt;\"><em><strong>&#8222;Die Musik beginnt dort, wo die Macht der Worte endet. &#8220;  <\/strong><\/em><\/span><\/h4>\n<p style=\"text-align: center;\"><em><strong>Richard Wagner<span class=\"Apple-converted-space\"> <\/span><\/strong><\/em><\/p>\n<\/blockquote>\n<p style=\"text-align: justify;\">Dieses Buch ist in erster Linie<strong> eine Liebesgeschichte<\/strong>,<span class=\"Apple-converted-space\"> <\/span>unsere gemeinsame Liebesgeschichte mit <strong>der Musik<span class=\"Apple-converted-space\"> <\/span>und dem Klavier<\/strong>.<\/p>\n<p style=\"text-align: justify;\">Aber es ist auch eine wunderbare Geschichte,<span class=\"Apple-converted-space\"> <em><strong>n<\/strong><\/em><\/span><strong><em>Unsere<\/em> <em>Geschichte<\/em><\/strong><span class=\"Apple-converted-space\"> Wir sind beide<\/span><strong>Pianistinnen, Lehrerinnen, Autorinnen und Komponistinnen<\/strong>.<\/p>\n<p style=\"text-align: justify;\">Wir waren schon immer <strong>von der Musik begeistert,<\/strong> wie <strong>verzaubert vom Klang des Klaviers<\/strong>, von <strong>den<\/strong><strong>Emotionen und der Sensibilit\u00e4t, die jede seiner Tasten ausstrahlt<\/strong>&#8230; Das Unterrichten dieser musikalischen Kunst war f\u00fcr uns immer eine Selbstverst\u00e4ndlichkeit<span class=\"Apple-converted-space\"> <\/span>.<\/p>\n<p style=\"text-align: justify;\">Vom Konservatorium<span class=\"Apple-converted-space\"> <\/span>bis zur Privatschule<span class=\"Apple-converted-space\"> <\/span>, von der ehemaligen UdSSR bis Nizza, <strong>haben wir<span class=\"Apple-converted-space\"> <\/span>unsere Liebe zum Klavier immer mit der gleichen Leidenschaft und dem gleichen Enthusiasmus gelehrt<\/strong>.<\/p>\n<p style=\"text-align: justify;\">Wir lernten von den Gro\u00dfen, wir <strong>bereicherten uns an einer internationalen Musikkultur<\/strong>, an verschiedenen<span class=\"Apple-converted-space\"> <\/span>Lernmethoden, die manchmal<span class=\"Apple-converted-space\"> <\/span>sogar gegens\u00e4tzlich sind.<\/p>\n<p style=\"text-align: justify;\"><strong>Zuh\u00f6ren&#8230; Tr\u00e4umen&#8230; Imaginieren&#8230; Spa\u00df am Spielen haben&#8230; Freude am Zuh\u00f6ren  <\/strong>,<span class=\"Apple-converted-space\"> <\/span>sondern auch zu <strong>vermitteln und zu teilen<\/strong>, das ist es, was wir lieben.<\/p>\n<p style=\"text-align: justify;\">Unser<span class=\"Apple-converted-space\"> <\/span>Unterricht<span class=\"Apple-converted-space\">  <\/span><strong>entwickelt sich st\u00e4ndig weiter, passt sich an<span class=\"Apple-converted-space\"> <\/span>und<span class=\"Apple-converted-space\"> <\/span>verbessert<\/strong> sich&#8230;<span class=\"Apple-converted-space\"> <\/span><\/p>\n<p style=\"text-align: justify;\"><span class=\"Apple-converted-space\">Dieses<\/span>Buch ist<span class=\"Apple-converted-space\"> <\/span>f\u00fcr uns<span class=\"Apple-converted-space\"> <\/span>das Ergebnis<span class=\"Apple-converted-space\"> <\/span>einer spannenden Arbeit!<span class=\"Apple-converted-space\"> <\/span><\/p>\n<p style=\"text-align: justify;\">Es ist wie ein &#8222;Update&#8220;, eine <strong>aktualisierte Methode,<\/strong> die <strong>moderner und besser an die Entwicklung jedes Einzelnen angepasst<\/strong> ist.<\/p>\n<p style=\"text-align: justify;\">Diese Methode<strong>wenden<\/strong> wir<strong>nat\u00fcrlich auch in unseren Kursen<\/strong> an, sie ist unser &#8220; <strong>Qualit\u00e4tssiegel<\/strong> &#8220; und wir sind mit diesem langen und gro\u00dfartigen Projekt<span class=\"Apple-converted-space\"> <\/span>sehr zufrieden. <a href=\"https:\/\/editions-renmusic.com\/temoignages-jouons-du-piano\/\"><strong>Feedback und Danksagungen von unseren<span class=\"Apple-converted-space\">  <\/span>Sch\u00fclern und anderen Lehrern.<\/strong><\/a>.<\/p>\n[\/vc_column_text][\/vc_column][\/vc_row]\n<\/div>","protected":false},"excerpt":{"rendered":"<p>[vc_row][vc_column][vc_column_text css=&#8220;.vc_custom_1536675129620{margin-bottom: 0px !important;}&#8220;] Elvira CAFLERS und Natalia GODBILLON Autoren von Klavier spielen Band 1 &amp; Klavier spielen, Band 2 Was wir mit diesen Seiten erreichen wollten, ist die Entwicklung einer Methode, um das Klavierspiel zu erlernen, zu verbessern und zu vertiefen. &#8222;Die Musik beginnt dort, wo die Macht der Worte endet. &#8220; Richard Wagner [&hellip;]<\/p>\n","protected":false},"author":1,"featured_media":0,"parent":0,"menu_order":0,"comment_status":"closed","ping_status":"closed","template":"","meta":{"_acf_changed":false,"footnotes":""},"class_list":["post-13796","page","type-page","status-publish","hentry"],"acf":[],"yoast_head":"<!-- This site is optimized with the Yoast SEO plugin v26.8 - https:\/\/yoast.com\/product\/yoast-seo-wordpress\/ -->\n<title>Elvira CAFLERS und Natalia GODBILLON Jouons du Piano Vol 1 und Vo2<\/title>\n<meta name=\"description\" content=\"Elvira CAFLERS und Natalia GODBILLON Jouons du Piano Vol 1 und Vo2: Diese B\u00fccher sind f\u00fcr uns das Ergebnis einer aufregenden Arbeit!\" \/>\n<meta name=\"robots\" content=\"index, follow, max-snippet:-1, max-image-preview:large, max-video-preview:-1\" \/>\n<link rel=\"canonical\" href=\"https:\/\/editions-renmusic.com\/de\/elvira-caflers-und-natalia-godbillon\/\" \/>\n<meta property=\"og:locale\" content=\"de_DE\" \/>\n<meta property=\"og:type\" content=\"article\" \/>\n<meta property=\"og:title\" content=\"Elvira CAFLERS und Natalia GODBILLON Jouons du Piano Vol 1 und Vo2\" \/>\n<meta property=\"og:description\" content=\"Elvira CAFLERS und Natalia GODBILLON Jouons du Piano Vol 1 und Vo2: Diese B\u00fccher sind f\u00fcr uns das Ergebnis einer aufregenden Arbeit!\" \/>\n<meta property=\"og:url\" content=\"https:\/\/editions-renmusic.com\/de\/elvira-caflers-und-natalia-godbillon\/\" \/>\n<meta property=\"og:site_name\" content=\"Les Editions RenMusic Maison d&#039;\u00e9dition musical\" \/>\n<meta property=\"article:modified_time\" content=\"2024-10-19T13:57:20+00:00\" \/>\n<meta name=\"twitter:card\" content=\"summary_large_image\" \/>\n<meta name=\"twitter:label1\" content=\"Gesch\u00e4tzte Lesezeit\" \/>\n\t<meta name=\"twitter:data1\" content=\"1\u00a0Minute\" \/>\n<script type=\"application\/ld+json\" class=\"yoast-schema-graph\">{\"@context\":\"https:\/\/schema.org\",\"@graph\":[{\"@type\":\"WebPage\",\"@id\":\"https:\/\/editions-renmusic.com\/de\/elvira-caflers-und-natalia-godbillon\/\",\"url\":\"https:\/\/editions-renmusic.com\/de\/elvira-caflers-und-natalia-godbillon\/\",\"name\":\"Elvira CAFLERS und Natalia GODBILLON Jouons du Piano Vol 1 und Vo2\",\"isPartOf\":{\"@id\":\"https:\/\/editions-renmusic.com\/de\/#website\"},\"datePublished\":\"2018-07-31T10:19:21+00:00\",\"dateModified\":\"2024-10-19T13:57:20+00:00\",\"description\":\"Elvira CAFLERS und Natalia GODBILLON Jouons du Piano Vol 1 und Vo2: Diese B\u00fccher sind f\u00fcr uns das Ergebnis einer aufregenden Arbeit!\",\"breadcrumb\":{\"@id\":\"https:\/\/editions-renmusic.com\/de\/elvira-caflers-und-natalia-godbillon\/#breadcrumb\"},\"inLanguage\":\"de\",\"potentialAction\":[{\"@type\":\"ReadAction\",\"target\":[\"https:\/\/editions-renmusic.com\/de\/elvira-caflers-und-natalia-godbillon\/\"]}]},{\"@type\":\"BreadcrumbList\",\"@id\":\"https:\/\/editions-renmusic.com\/de\/elvira-caflers-und-natalia-godbillon\/#breadcrumb\",\"itemListElement\":[{\"@type\":\"ListItem\",\"position\":1,\"name\":\"Home\",\"item\":\"https:\/\/editions-renmusic.com\/de\/\"},{\"@type\":\"ListItem\",\"position\":2,\"name\":\"Elvira CAFLERS und Natalia GODBILLON\"}]},{\"@type\":\"WebSite\",\"@id\":\"https:\/\/editions-renmusic.com\/de\/#website\",\"url\":\"https:\/\/editions-renmusic.com\/de\/\",\"name\":\"Les Editions RenMusic Maison d&#039;\u00e9dition musical\",\"description\":\"\u00a0publication d&#039;une \u00a0m\u00e9thode de piano pour d\u00e9butant\",\"potentialAction\":[{\"@type\":\"SearchAction\",\"target\":{\"@type\":\"EntryPoint\",\"urlTemplate\":\"https:\/\/editions-renmusic.com\/de\/?s={search_term_string}\"},\"query-input\":{\"@type\":\"PropertyValueSpecification\",\"valueRequired\":true,\"valueName\":\"search_term_string\"}}],\"inLanguage\":\"de\"}]}<\/script>\n<!-- \/ Yoast SEO plugin. -->","yoast_head_json":{"title":"Elvira CAFLERS und Natalia GODBILLON Jouons du Piano Vol 1 und Vo2","description":"Elvira CAFLERS und Natalia GODBILLON Jouons du Piano Vol 1 und Vo2: Diese B\u00fccher sind f\u00fcr uns das Ergebnis einer aufregenden Arbeit!","robots":{"index":"index","follow":"follow","max-snippet":"max-snippet:-1","max-image-preview":"max-image-preview:large","max-video-preview":"max-video-preview:-1"},"canonical":"https:\/\/editions-renmusic.com\/de\/elvira-caflers-und-natalia-godbillon\/","og_locale":"de_DE","og_type":"article","og_title":"Elvira CAFLERS und Natalia GODBILLON Jouons du Piano Vol 1 und Vo2","og_description":"Elvira CAFLERS und Natalia GODBILLON Jouons du Piano Vol 1 und Vo2: Diese B\u00fccher sind f\u00fcr uns das Ergebnis einer aufregenden Arbeit!","og_url":"https:\/\/editions-renmusic.com\/de\/elvira-caflers-und-natalia-godbillon\/","og_site_name":"Les Editions RenMusic Maison d&#039;\u00e9dition musical","article_modified_time":"2024-10-19T13:57:20+00:00","twitter_card":"summary_large_image","twitter_misc":{"Gesch\u00e4tzte Lesezeit":"1\u00a0Minute"},"schema":{"@context":"https:\/\/schema.org","@graph":[{"@type":"WebPage","@id":"https:\/\/editions-renmusic.com\/de\/elvira-caflers-und-natalia-godbillon\/","url":"https:\/\/editions-renmusic.com\/de\/elvira-caflers-und-natalia-godbillon\/","name":"Elvira CAFLERS und Natalia GODBILLON Jouons du Piano Vol 1 und Vo2","isPartOf":{"@id":"https:\/\/editions-renmusic.com\/de\/#website"},"datePublished":"2018-07-31T10:19:21+00:00","dateModified":"2024-10-19T13:57:20+00:00","description":"Elvira CAFLERS und Natalia GODBILLON Jouons du Piano Vol 1 und Vo2: Diese B\u00fccher sind f\u00fcr uns das Ergebnis einer aufregenden Arbeit!","breadcrumb":{"@id":"https:\/\/editions-renmusic.com\/de\/elvira-caflers-und-natalia-godbillon\/#breadcrumb"},"inLanguage":"de","potentialAction":[{"@type":"ReadAction","target":["https:\/\/editions-renmusic.com\/de\/elvira-caflers-und-natalia-godbillon\/"]}]},{"@type":"BreadcrumbList","@id":"https:\/\/editions-renmusic.com\/de\/elvira-caflers-und-natalia-godbillon\/#breadcrumb","itemListElement":[{"@type":"ListItem","position":1,"name":"Home","item":"https:\/\/editions-renmusic.com\/de\/"},{"@type":"ListItem","position":2,"name":"Elvira CAFLERS und Natalia GODBILLON"}]},{"@type":"WebSite","@id":"https:\/\/editions-renmusic.com\/de\/#website","url":"https:\/\/editions-renmusic.com\/de\/","name":"Les Editions RenMusic Maison d&#039;\u00e9dition musical","description":"\u00a0publication d&#039;une \u00a0m\u00e9thode de piano pour d\u00e9butant","potentialAction":[{"@type":"SearchAction","target":{"@type":"EntryPoint","urlTemplate":"https:\/\/editions-renmusic.com\/de\/?s={search_term_string}"},"query-input":{"@type":"PropertyValueSpecification","valueRequired":true,"valueName":"search_term_string"}}],"inLanguage":"de"}]}},"_links":{"self":[{"href":"https:\/\/editions-renmusic.com\/de\/wp-json\/wp\/v2\/pages\/13796","targetHints":{"allow":["GET"]}}],"collection":[{"href":"https:\/\/editions-renmusic.com\/de\/wp-json\/wp\/v2\/pages"}],"about":[{"href":"https:\/\/editions-renmusic.com\/de\/wp-json\/wp\/v2\/types\/page"}],"author":[{"embeddable":true,"href":"https:\/\/editions-renmusic.com\/de\/wp-json\/wp\/v2\/users\/1"}],"replies":[{"embeddable":true,"href":"https:\/\/editions-renmusic.com\/de\/wp-json\/wp\/v2\/comments?post=13796"}],"version-history":[{"count":2,"href":"https:\/\/editions-renmusic.com\/de\/wp-json\/wp\/v2\/pages\/13796\/revisions"}],"predecessor-version":[{"id":13801,"href":"https:\/\/editions-renmusic.com\/de\/wp-json\/wp\/v2\/pages\/13796\/revisions\/13801"}],"wp:attachment":[{"href":"https:\/\/editions-renmusic.com\/de\/wp-json\/wp\/v2\/media?parent=13796"}],"curies":[{"name":"wp","href":"https:\/\/api.w.org\/{rel}","templated":true}]}}