{"id":13795,"date":"2018-07-31T10:24:05","date_gmt":"2018-07-31T10:24:05","guid":{"rendered":"https:\/\/editions-renmusic.com\/zeugnisse-klavier-spielen\/"},"modified":"2018-07-31T10:24:05","modified_gmt":"2018-07-31T10:24:05","slug":"zeugnisse-klavier-spielen","status":"publish","type":"page","link":"https:\/\/editions-renmusic.com\/de\/zeugnisse-klavier-spielen\/","title":{"rendered":"Zeugnisse Klavier spielen"},"content":{"rendered":"<h2><b>Was Sch\u00fcler und Lehrer denken<\/b><\/h2>\n<h3><i>Hier sind einige Meinungen und Erfahrungsberichte im Internet \u00fcber unsere Methode: <\/i><i><a href=\"https:\/\/editions-renmusic.com\/produit\/jouons-du-piano-volume-1\/\"><strong>Piano-Methode Band 1<\/strong><\/a><\/i><strong><span class=\"Apple-converted-space\" style=\"font-style: italic;\"> <\/span><\/strong><\/h3>\n<blockquote><p>&#8220;  <strong>Volle Punktzahl f\u00fcr meine Sch\u00fcler. Sie sind begeistert. <\/strong>  &#8230;. Meine kleinen Zweitkl\u00e4ssler sind neidisch und haben sie auf ihre Wunschliste f\u00fcr den Weihnachtsmann gesetzt! Sogar meine Erwachsenen sind begeistert&#8230;.. Ein Ansatz, auf den ich schon seit Jahren gewartet habe. Etwa 15 Jahre lang. Ich gebe zu, dass ich mit kleinen, einfachen Kinderreimen f\u00fcr die ganz Kleinen gekoppelt bin. Ein sch\u00f6nes Leben f\u00fcr diese sch\u00f6ne Methode. (Kommentare von amazon)<span class=\"Apple-converted-space\"> <\/span><\/p><\/blockquote>\n<p>&nbsp;<\/p>\n<blockquote><p>&#8222;Es ist<strong>eine wahre Freude, diese Klaviermethode zu entdecken!<\/strong> Sie finden hier vollst\u00e4ndige Erkl\u00e4rungen, um das Spielen mit einer effizienten und nat\u00fcrlichen Technik zu erlernen. Eine gro\u00dfe Auswahl an St\u00fccken, die sowohl f\u00fcr j\u00fcngere Kinder als auch f\u00fcr erwachsene Anf\u00e4nger geeignet sind.&#8220;<\/p>\n<p>&nbsp;<\/p>\n<p>&#8222;Die kleinen <strong>St\u00fccke sind sehr h\u00fcbsch und eignen sich hervorragend<\/strong> als Erg\u00e4nzung zu anderen Sammlungen. Die Kinder m\u00f6gen sie sehr&#8230;&#8220;. <\/p><\/blockquote>\n<p>&nbsp;<\/p>\n<blockquote><p>&#8220; <strong>Eine ideale Methode, um mit dem Klavierspiel zu beginnen <\/strong>.<\/p><\/blockquote>\n<p>&nbsp;<\/p>\n<blockquote><p>&#8220; <strong>Sehr h\u00fcbsche kleine St\u00fccke<\/strong> &#8222;<span class=\"Apple-converted-space\"> <\/span><\/p><\/blockquote>\n","protected":false},"excerpt":{"rendered":"<p>Was Sch\u00fcler und Lehrer denken Hier sind einige Meinungen und Erfahrungsberichte im Internet \u00fcber unsere Methode: Piano-Methode Band 1 &#8220; Volle Punktzahl f\u00fcr meine Sch\u00fcler. Sie sind begeistert. &#8230;. Meine kleinen Zweitkl\u00e4ssler sind neidisch und haben sie auf ihre Wunschliste f\u00fcr den Weihnachtsmann gesetzt! Sogar meine Erwachsenen sind begeistert&#8230;.. Ein Ansatz, auf den ich schon [&hellip;]<\/p>\n","protected":false},"author":1,"featured_media":0,"parent":0,"menu_order":0,"comment_status":"closed","ping_status":"closed","template":"","meta":{"_acf_changed":false,"footnotes":""},"class_list":["post-13795","page","type-page","status-publish","hentry"],"acf":[],"yoast_head":"<!-- This site is optimized with the Yoast SEO plugin v26.8 - https:\/\/yoast.com\/product\/yoast-seo-wordpress\/ -->\n<title>Erfahrungsberichte Klavier spielen - RenMusic Verlag Klavier-Methode<\/title>\n<meta name=\"description\" content=\"Erfahrungsberichte Klavier spielen einige Meinungen \u00fcber unsere Methode: M\u00e9thode de Piano Volume 1 et Volume 2 - Editions RenMusic\" \/>\n<meta name=\"robots\" content=\"index, follow, max-snippet:-1, max-image-preview:large, max-video-preview:-1\" \/>\n<link rel=\"canonical\" href=\"https:\/\/editions-renmusic.com\/de\/zeugnisse-klavier-spielen\/\" \/>\n<meta property=\"og:locale\" content=\"de_DE\" \/>\n<meta property=\"og:type\" content=\"article\" \/>\n<meta property=\"og:title\" content=\"Erfahrungsberichte Klavier spielen - RenMusic Verlag Klavier-Methode\" \/>\n<meta property=\"og:description\" content=\"Erfahrungsberichte Klavier spielen einige Meinungen \u00fcber unsere Methode: M\u00e9thode de Piano Volume 1 et Volume 2 - Editions RenMusic\" \/>\n<meta property=\"og:url\" content=\"https:\/\/editions-renmusic.com\/de\/zeugnisse-klavier-spielen\/\" \/>\n<meta property=\"og:site_name\" content=\"Les Editions RenMusic Maison d&#039;\u00e9dition musical\" \/>\n<meta name=\"twitter:card\" content=\"summary_large_image\" \/>\n<meta name=\"twitter:label1\" content=\"Gesch\u00e4tzte Lesezeit\" \/>\n\t<meta name=\"twitter:data1\" content=\"1\u00a0Minute\" \/>\n<script type=\"application\/ld+json\" class=\"yoast-schema-graph\">{\"@context\":\"https:\/\/schema.org\",\"@graph\":[{\"@type\":\"WebPage\",\"@id\":\"https:\/\/editions-renmusic.com\/de\/zeugnisse-klavier-spielen\/\",\"url\":\"https:\/\/editions-renmusic.com\/de\/zeugnisse-klavier-spielen\/\",\"name\":\"Erfahrungsberichte Klavier spielen - RenMusic Verlag Klavier-Methode\",\"isPartOf\":{\"@id\":\"https:\/\/editions-renmusic.com\/de\/#website\"},\"datePublished\":\"2018-07-31T10:24:05+00:00\",\"description\":\"Erfahrungsberichte Klavier spielen einige Meinungen \u00fcber unsere Methode: M\u00e9thode de Piano Volume 1 et Volume 2 - Editions RenMusic\",\"breadcrumb\":{\"@id\":\"https:\/\/editions-renmusic.com\/de\/zeugnisse-klavier-spielen\/#breadcrumb\"},\"inLanguage\":\"de\",\"potentialAction\":[{\"@type\":\"ReadAction\",\"target\":[\"https:\/\/editions-renmusic.com\/de\/zeugnisse-klavier-spielen\/\"]}]},{\"@type\":\"BreadcrumbList\",\"@id\":\"https:\/\/editions-renmusic.com\/de\/zeugnisse-klavier-spielen\/#breadcrumb\",\"itemListElement\":[{\"@type\":\"ListItem\",\"position\":1,\"name\":\"Home\",\"item\":\"https:\/\/editions-renmusic.com\/de\/\"},{\"@type\":\"ListItem\",\"position\":2,\"name\":\"Zeugnisse Klavier spielen\"}]},{\"@type\":\"WebSite\",\"@id\":\"https:\/\/editions-renmusic.com\/de\/#website\",\"url\":\"https:\/\/editions-renmusic.com\/de\/\",\"name\":\"Les Editions RenMusic Maison d&#039;\u00e9dition musical\",\"description\":\"\u00a0publication d&#039;une \u00a0m\u00e9thode de piano pour d\u00e9butant\",\"potentialAction\":[{\"@type\":\"SearchAction\",\"target\":{\"@type\":\"EntryPoint\",\"urlTemplate\":\"https:\/\/editions-renmusic.com\/de\/?s={search_term_string}\"},\"query-input\":{\"@type\":\"PropertyValueSpecification\",\"valueRequired\":true,\"valueName\":\"search_term_string\"}}],\"inLanguage\":\"de\"}]}<\/script>\n<!-- \/ Yoast SEO plugin. -->","yoast_head_json":{"title":"Erfahrungsberichte Klavier spielen - RenMusic Verlag Klavier-Methode","description":"Erfahrungsberichte Klavier spielen einige Meinungen \u00fcber unsere Methode: M\u00e9thode de Piano Volume 1 et Volume 2 - Editions RenMusic","robots":{"index":"index","follow":"follow","max-snippet":"max-snippet:-1","max-image-preview":"max-image-preview:large","max-video-preview":"max-video-preview:-1"},"canonical":"https:\/\/editions-renmusic.com\/de\/zeugnisse-klavier-spielen\/","og_locale":"de_DE","og_type":"article","og_title":"Erfahrungsberichte Klavier spielen - RenMusic Verlag Klavier-Methode","og_description":"Erfahrungsberichte Klavier spielen einige Meinungen \u00fcber unsere Methode: M\u00e9thode de Piano Volume 1 et Volume 2 - Editions RenMusic","og_url":"https:\/\/editions-renmusic.com\/de\/zeugnisse-klavier-spielen\/","og_site_name":"Les Editions RenMusic Maison d&#039;\u00e9dition musical","twitter_card":"summary_large_image","twitter_misc":{"Gesch\u00e4tzte Lesezeit":"1\u00a0Minute"},"schema":{"@context":"https:\/\/schema.org","@graph":[{"@type":"WebPage","@id":"https:\/\/editions-renmusic.com\/de\/zeugnisse-klavier-spielen\/","url":"https:\/\/editions-renmusic.com\/de\/zeugnisse-klavier-spielen\/","name":"Erfahrungsberichte Klavier spielen - RenMusic Verlag Klavier-Methode","isPartOf":{"@id":"https:\/\/editions-renmusic.com\/de\/#website"},"datePublished":"2018-07-31T10:24:05+00:00","description":"Erfahrungsberichte Klavier spielen einige Meinungen \u00fcber unsere Methode: M\u00e9thode de Piano Volume 1 et Volume 2 - Editions RenMusic","breadcrumb":{"@id":"https:\/\/editions-renmusic.com\/de\/zeugnisse-klavier-spielen\/#breadcrumb"},"inLanguage":"de","potentialAction":[{"@type":"ReadAction","target":["https:\/\/editions-renmusic.com\/de\/zeugnisse-klavier-spielen\/"]}]},{"@type":"BreadcrumbList","@id":"https:\/\/editions-renmusic.com\/de\/zeugnisse-klavier-spielen\/#breadcrumb","itemListElement":[{"@type":"ListItem","position":1,"name":"Home","item":"https:\/\/editions-renmusic.com\/de\/"},{"@type":"ListItem","position":2,"name":"Zeugnisse Klavier spielen"}]},{"@type":"WebSite","@id":"https:\/\/editions-renmusic.com\/de\/#website","url":"https:\/\/editions-renmusic.com\/de\/","name":"Les Editions RenMusic Maison d&#039;\u00e9dition musical","description":"\u00a0publication d&#039;une \u00a0m\u00e9thode de piano pour d\u00e9butant","potentialAction":[{"@type":"SearchAction","target":{"@type":"EntryPoint","urlTemplate":"https:\/\/editions-renmusic.com\/de\/?s={search_term_string}"},"query-input":{"@type":"PropertyValueSpecification","valueRequired":true,"valueName":"search_term_string"}}],"inLanguage":"de"}]}},"_links":{"self":[{"href":"https:\/\/editions-renmusic.com\/de\/wp-json\/wp\/v2\/pages\/13795","targetHints":{"allow":["GET"]}}],"collection":[{"href":"https:\/\/editions-renmusic.com\/de\/wp-json\/wp\/v2\/pages"}],"about":[{"href":"https:\/\/editions-renmusic.com\/de\/wp-json\/wp\/v2\/types\/page"}],"author":[{"embeddable":true,"href":"https:\/\/editions-renmusic.com\/de\/wp-json\/wp\/v2\/users\/1"}],"replies":[{"embeddable":true,"href":"https:\/\/editions-renmusic.com\/de\/wp-json\/wp\/v2\/comments?post=13795"}],"version-history":[{"count":0,"href":"https:\/\/editions-renmusic.com\/de\/wp-json\/wp\/v2\/pages\/13795\/revisions"}],"wp:attachment":[{"href":"https:\/\/editions-renmusic.com\/de\/wp-json\/wp\/v2\/media?parent=13795"}],"curies":[{"name":"wp","href":"https:\/\/api.w.org\/{rel}","templated":true}]}}