{"id":13788,"date":"2018-07-31T10:26:46","date_gmt":"2018-07-31T10:26:46","guid":{"rendered":"https:\/\/editions-renmusic.com\/wo-sie-unsere-buecher-finden\/"},"modified":"2024-10-19T13:57:19","modified_gmt":"2024-10-19T13:57:19","slug":"wo-sie-unsere-buecher-finden","status":"publish","type":"page","link":"https:\/\/editions-renmusic.com\/de\/wo-sie-unsere-buecher-finden\/","title":{"rendered":"Wo Sie unsere B\u00fccher finden"},"content":{"rendered":"<div class=\"wpb-content-wrapper\">[vc_row][vc_column][vc_column_text]\n<h2><strong>Wo Sie unsere B\u00fccher finden<\/strong><\/h2>\n[\/vc_column_text][vc_row_inner][vc_column_inner][vc_column_text css=&#8220;.vc_custom_1534775137138{margin-bottom: 0px !important;}&#8220;]\n<h3><strong>Unsere B\u00fccher direkt online bestellen<\/strong> (100% sichere Zahlung)<\/h3>\n[\/vc_column_text][\/vc_column_inner][\/vc_row_inner][mk_woocommerce_recent_carousel style=&#8220;classic&#8220; title=&#8220;&#8220; per_view=&#8220;2&#8243; per_page=&#8220;25&#8243;][vc_separator style=&#8220;dotted&#8220;][vc_column_text css=&#8220;.vc_custom_1534775965439{margin-bottom: 0px !important;}&#8220;]\n<h3><b>Im Gesch\u00e4ft  <\/b><\/h3>\n<p><b>Musikalische Buchhandlung Madrel in Nizza<\/b><\/p>\n<p>29 <b>rue<\/b> de <b>Lepanto<\/b>, 06000 <b>Nizza<\/b>[\/vc_column_text][vc_column_text css=&#8220;.vc_custom_1534775988027{margin-bottom: 0px !important;}&#8220;]<iframe style=\"border: 0;\" src=\"https:\/\/www.google.com\/maps\/embed?pb=!1m18!1m12!1m3!1d180.25467837354125!2d7.266128516663417!3d43.708993452026704!2m3!1f0!2f0!3f0!3m2!1i1024!2i768!4f13.1!3m3!1m2!1s0x12cddaa91ba2c013%3A0xf428767e7d7fb7b2!2sMadrel+Musique!5e0!3m2!1sfr!2sfr!4v1534775006308\" width=\"600\" height=\"250\" frameborder=\"0\" allowfullscreen=\"allowfullscreen\"><\/iframe>[\/vc_column_text][vc_column_text css=&#8220;.vc_custom_1534776034876{margin-bottom: 0px !important;}&#8220;]<b>Music 3000<\/b><\/p>\n<p class=\"address add\"><strong>Music 3000 Nice Cap 3000:<\/strong><br \/>\n87 Avenue du Mar\u00e9chal Juin, 06700 Saint-Laurent-du-Var<\/p>\n<p class=\"address add\"><strong>Music 3000 Cannes Tourrades: <\/strong><br \/>\nAll\u00e9e Dieudonn\u00e9 Costes 06210 Mandelieu-la-Napoule<\/p>\n[\/vc_column_text][vc_separator style=&#8220;dotted&#8220;][\/vc_column][\/vc_row]\n<\/div>","protected":false},"excerpt":{"rendered":"<p>[vc_row][vc_column][vc_column_text] Wo Sie unsere B\u00fccher finden [\/vc_column_text][vc_row_inner][vc_column_inner][vc_column_text css=&#8220;.vc_custom_1534775137138{margin-bottom: 0px !important;}&#8220;] Unsere B\u00fccher direkt online bestellen (100% sichere Zahlung) [\/vc_column_text][\/vc_column_inner][\/vc_row_inner][mk_woocommerce_recent_carousel style=&#8220;classic&#8220; title=&#8220;&#8220; per_view=&#8220;2&#8243; per_page=&#8220;25&#8243;][vc_separator style=&#8220;dotted&#8220;][vc_column_text css=&#8220;.vc_custom_1534775965439{margin-bottom: 0px !important;}&#8220;] Im Gesch\u00e4ft Musikalische Buchhandlung Madrel in Nizza 29 rue de Lepanto, 06000 Nizza[\/vc_column_text][vc_column_text css=&#8220;.vc_custom_1534775988027{margin-bottom: 0px !important;}&#8220;][\/vc_column_text][vc_column_text css=&#8220;.vc_custom_1534776034876{margin-bottom: 0px !important;}&#8220;]Music 3000 Music 3000 Nice Cap 3000: 87 Avenue du [&hellip;]<\/p>\n","protected":false},"author":1,"featured_media":0,"parent":0,"menu_order":0,"comment_status":"closed","ping_status":"closed","template":"","meta":{"_acf_changed":false,"footnotes":""},"class_list":["post-13788","page","type-page","status-publish","hentry"],"acf":[],"yoast_head":"<!-- This site is optimized with the Yoast SEO plugin v26.8 - https:\/\/yoast.com\/product\/yoast-seo-wordpress\/ -->\n<title>Wo Sie unsere B\u00fccher finden - Les Editions RenMusic Maison d&#039;\u00e9dition musical<\/title>\n<meta name=\"robots\" content=\"index, follow, max-snippet:-1, max-image-preview:large, max-video-preview:-1\" \/>\n<link rel=\"canonical\" href=\"https:\/\/editions-renmusic.com\/de\/wo-sie-unsere-buecher-finden\/\" \/>\n<meta property=\"og:locale\" content=\"de_DE\" \/>\n<meta property=\"og:type\" content=\"article\" \/>\n<meta property=\"og:title\" content=\"Wo Sie unsere B\u00fccher finden - Les Editions RenMusic Maison d&#039;\u00e9dition musical\" \/>\n<meta property=\"og:description\" content=\"[vc_row][vc_column][vc_column_text] Wo Sie unsere B\u00fccher finden [\/vc_column_text][vc_row_inner][vc_column_inner][vc_column_text css=&#8220;.vc_custom_1534775137138{margin-bottom: 0px !important;}&#8220;] Unsere B\u00fccher direkt online bestellen (100% sichere Zahlung) [\/vc_column_text][\/vc_column_inner][\/vc_row_inner][mk_woocommerce_recent_carousel style=&#8220;classic&#8220; title=&#8220;&#8220; per_view=&#8220;2&#8243; per_page=&#8220;25&#8243;][vc_separator style=&#8220;dotted&#8220;][vc_column_text css=&#8220;.vc_custom_1534775965439{margin-bottom: 0px !important;}&#8220;] Im Gesch\u00e4ft Musikalische Buchhandlung Madrel in Nizza 29 rue de Lepanto, 06000 Nizza[\/vc_column_text][vc_column_text css=&#8220;.vc_custom_1534775988027{margin-bottom: 0px !important;}&#8220;][\/vc_column_text][vc_column_text css=&#8220;.vc_custom_1534776034876{margin-bottom: 0px !important;}&#8220;]Music 3000 Music 3000 Nice Cap 3000: 87 Avenue du [&hellip;]\" \/>\n<meta property=\"og:url\" content=\"https:\/\/editions-renmusic.com\/de\/wo-sie-unsere-buecher-finden\/\" \/>\n<meta property=\"og:site_name\" content=\"Les Editions RenMusic Maison d&#039;\u00e9dition musical\" \/>\n<meta property=\"article:modified_time\" content=\"2024-10-19T13:57:19+00:00\" \/>\n<meta name=\"twitter:card\" content=\"summary_large_image\" \/>\n<meta name=\"twitter:label1\" content=\"Gesch\u00e4tzte Lesezeit\" \/>\n\t<meta name=\"twitter:data1\" content=\"1\u00a0Minute\" \/>\n<script type=\"application\/ld+json\" class=\"yoast-schema-graph\">{\"@context\":\"https:\/\/schema.org\",\"@graph\":[{\"@type\":\"WebPage\",\"@id\":\"https:\/\/editions-renmusic.com\/de\/wo-sie-unsere-buecher-finden\/\",\"url\":\"https:\/\/editions-renmusic.com\/de\/wo-sie-unsere-buecher-finden\/\",\"name\":\"Wo Sie unsere B\u00fccher finden - Les Editions RenMusic Maison d&#039;\u00e9dition musical\",\"isPartOf\":{\"@id\":\"https:\/\/editions-renmusic.com\/de\/#website\"},\"datePublished\":\"2018-07-31T10:26:46+00:00\",\"dateModified\":\"2024-10-19T13:57:19+00:00\",\"breadcrumb\":{\"@id\":\"https:\/\/editions-renmusic.com\/de\/wo-sie-unsere-buecher-finden\/#breadcrumb\"},\"inLanguage\":\"de\",\"potentialAction\":[{\"@type\":\"ReadAction\",\"target\":[\"https:\/\/editions-renmusic.com\/de\/wo-sie-unsere-buecher-finden\/\"]}]},{\"@type\":\"BreadcrumbList\",\"@id\":\"https:\/\/editions-renmusic.com\/de\/wo-sie-unsere-buecher-finden\/#breadcrumb\",\"itemListElement\":[{\"@type\":\"ListItem\",\"position\":1,\"name\":\"Home\",\"item\":\"https:\/\/editions-renmusic.com\/de\/\"},{\"@type\":\"ListItem\",\"position\":2,\"name\":\"Wo Sie unsere B\u00fccher finden\"}]},{\"@type\":\"WebSite\",\"@id\":\"https:\/\/editions-renmusic.com\/de\/#website\",\"url\":\"https:\/\/editions-renmusic.com\/de\/\",\"name\":\"Les Editions RenMusic Maison d&#039;\u00e9dition musical\",\"description\":\"\u00a0publication d&#039;une \u00a0m\u00e9thode de piano pour d\u00e9butant\",\"potentialAction\":[{\"@type\":\"SearchAction\",\"target\":{\"@type\":\"EntryPoint\",\"urlTemplate\":\"https:\/\/editions-renmusic.com\/de\/?s={search_term_string}\"},\"query-input\":{\"@type\":\"PropertyValueSpecification\",\"valueRequired\":true,\"valueName\":\"search_term_string\"}}],\"inLanguage\":\"de\"}]}<\/script>\n<!-- \/ Yoast SEO plugin. -->","yoast_head_json":{"title":"Wo Sie unsere B\u00fccher finden - Les Editions RenMusic Maison d&#039;\u00e9dition musical","robots":{"index":"index","follow":"follow","max-snippet":"max-snippet:-1","max-image-preview":"max-image-preview:large","max-video-preview":"max-video-preview:-1"},"canonical":"https:\/\/editions-renmusic.com\/de\/wo-sie-unsere-buecher-finden\/","og_locale":"de_DE","og_type":"article","og_title":"Wo Sie unsere B\u00fccher finden - Les Editions RenMusic Maison d&#039;\u00e9dition musical","og_description":"[vc_row][vc_column][vc_column_text] Wo Sie unsere B\u00fccher finden [\/vc_column_text][vc_row_inner][vc_column_inner][vc_column_text css=&#8220;.vc_custom_1534775137138{margin-bottom: 0px !important;}&#8220;] Unsere B\u00fccher direkt online bestellen (100% sichere Zahlung) [\/vc_column_text][\/vc_column_inner][\/vc_row_inner][mk_woocommerce_recent_carousel style=&#8220;classic&#8220; title=&#8220;&#8220; per_view=&#8220;2&#8243; per_page=&#8220;25&#8243;][vc_separator style=&#8220;dotted&#8220;][vc_column_text css=&#8220;.vc_custom_1534775965439{margin-bottom: 0px !important;}&#8220;] Im Gesch\u00e4ft Musikalische Buchhandlung Madrel in Nizza 29 rue de Lepanto, 06000 Nizza[\/vc_column_text][vc_column_text css=&#8220;.vc_custom_1534775988027{margin-bottom: 0px !important;}&#8220;][\/vc_column_text][vc_column_text css=&#8220;.vc_custom_1534776034876{margin-bottom: 0px !important;}&#8220;]Music 3000 Music 3000 Nice Cap 3000: 87 Avenue du [&hellip;]","og_url":"https:\/\/editions-renmusic.com\/de\/wo-sie-unsere-buecher-finden\/","og_site_name":"Les Editions RenMusic Maison d&#039;\u00e9dition musical","article_modified_time":"2024-10-19T13:57:19+00:00","twitter_card":"summary_large_image","twitter_misc":{"Gesch\u00e4tzte Lesezeit":"1\u00a0Minute"},"schema":{"@context":"https:\/\/schema.org","@graph":[{"@type":"WebPage","@id":"https:\/\/editions-renmusic.com\/de\/wo-sie-unsere-buecher-finden\/","url":"https:\/\/editions-renmusic.com\/de\/wo-sie-unsere-buecher-finden\/","name":"Wo Sie unsere B\u00fccher finden - Les Editions RenMusic Maison d&#039;\u00e9dition musical","isPartOf":{"@id":"https:\/\/editions-renmusic.com\/de\/#website"},"datePublished":"2018-07-31T10:26:46+00:00","dateModified":"2024-10-19T13:57:19+00:00","breadcrumb":{"@id":"https:\/\/editions-renmusic.com\/de\/wo-sie-unsere-buecher-finden\/#breadcrumb"},"inLanguage":"de","potentialAction":[{"@type":"ReadAction","target":["https:\/\/editions-renmusic.com\/de\/wo-sie-unsere-buecher-finden\/"]}]},{"@type":"BreadcrumbList","@id":"https:\/\/editions-renmusic.com\/de\/wo-sie-unsere-buecher-finden\/#breadcrumb","itemListElement":[{"@type":"ListItem","position":1,"name":"Home","item":"https:\/\/editions-renmusic.com\/de\/"},{"@type":"ListItem","position":2,"name":"Wo Sie unsere B\u00fccher finden"}]},{"@type":"WebSite","@id":"https:\/\/editions-renmusic.com\/de\/#website","url":"https:\/\/editions-renmusic.com\/de\/","name":"Les Editions RenMusic Maison d&#039;\u00e9dition musical","description":"\u00a0publication d&#039;une \u00a0m\u00e9thode de piano pour d\u00e9butant","potentialAction":[{"@type":"SearchAction","target":{"@type":"EntryPoint","urlTemplate":"https:\/\/editions-renmusic.com\/de\/?s={search_term_string}"},"query-input":{"@type":"PropertyValueSpecification","valueRequired":true,"valueName":"search_term_string"}}],"inLanguage":"de"}]}},"_links":{"self":[{"href":"https:\/\/editions-renmusic.com\/de\/wp-json\/wp\/v2\/pages\/13788","targetHints":{"allow":["GET"]}}],"collection":[{"href":"https:\/\/editions-renmusic.com\/de\/wp-json\/wp\/v2\/pages"}],"about":[{"href":"https:\/\/editions-renmusic.com\/de\/wp-json\/wp\/v2\/types\/page"}],"author":[{"embeddable":true,"href":"https:\/\/editions-renmusic.com\/de\/wp-json\/wp\/v2\/users\/1"}],"replies":[{"embeddable":true,"href":"https:\/\/editions-renmusic.com\/de\/wp-json\/wp\/v2\/comments?post=13788"}],"version-history":[{"count":2,"href":"https:\/\/editions-renmusic.com\/de\/wp-json\/wp\/v2\/pages\/13788\/revisions"}],"predecessor-version":[{"id":13790,"href":"https:\/\/editions-renmusic.com\/de\/wp-json\/wp\/v2\/pages\/13788\/revisions\/13790"}],"wp:attachment":[{"href":"https:\/\/editions-renmusic.com\/de\/wp-json\/wp\/v2\/media?parent=13788"}],"curies":[{"name":"wp","href":"https:\/\/api.w.org\/{rel}","templated":true}]}}