{"id":13768,"date":"2018-08-07T15:37:59","date_gmt":"2018-08-07T15:37:59","guid":{"rendered":"https:\/\/editions-renmusic.com\/der-renmusic-verlag\/"},"modified":"2024-10-19T15:32:04","modified_gmt":"2024-10-19T15:32:04","slug":"der-renmusic-verlag","status":"publish","type":"page","link":"https:\/\/editions-renmusic.com\/de\/","title":{"rendered":"Der RenMusic-Verlag"},"content":{"rendered":"<div class=\"wpb-content-wrapper\">[vc_row fullwidth=&#8220;true&#8220; equal_columns=&#8220;true&#8220; attached=&#8220;true&#8220; seperator_indeed_locker=&#8220;&#8220; lk_t=&#8220;ism_template_1&#8243; lk_io=&#8220;default&#8220; lk_dm=&#8220;0&#8243; lk_thm=&#8220;0&#8243; lk_tuo=&#8220;0&#8243; ru_on=&#8220;0&#8243; uhc_on=&#8220;0&#8243; ur_on=&#8220;0&#8243; ref_on=&#8220;0&#8243; css=&#8220;.vc_custom_1534771378102{margin-top: -50px !important;}&#8220;][vc_column]\n\t\t\t<!-- START EDITIONSrenmusic 1 1 REVOLUTION SLIDER 6.7.40 --><p class=\"rs-p-wp-fix\"><\/p>\n\t\t\t<rs-module-wrap id=\"rev_slider_3_1_wrapper\" data-source=\"gallery\" style=\"visibility:hidden;background:transparent;padding:0;margin:0px auto;margin-top:0;margin-bottom:0;\">\n\t\t\t\t<rs-module id=\"rev_slider_3_1\" style=\"\" data-version=\"6.7.40\">\n\t\t\t\t\t<rs-slides style=\"overflow: hidden; position: absolute;\">\n\t\t\t\t\t\t<rs-slide style=\"position: absolute;\" data-key=\"rs-8\" data-title=\"Slide\" data-anim=\"adpr:false;\" data-in=\"o:0;\" data-out=\"a:false;\">\n\t\t\t\t\t\t\t<img decoding=\"async\" src=\"\/\/editions-renmusic.com\/wp-content\/plugins\/revslider\/sr6\/assets\/assets\/dummy.png\" alt=\"\" title=\"Der RenMusic-Verlag\" class=\"rev-slidebg tp-rs-img rs-lazyload\" data-lazyload=\"\/\/editions-renmusic.com\/wp-content\/uploads\/2018\/08\/piano-methode-acheter.jpg\" data-panzoom=\"d:10000;ss:110;se:100;\" data-no-retina>\n<!--\n\t\t\t\t\t\t\t--><rs-layer\n\t\t\t\t\t\t\t\tid=\"slider-3-slide-8-layer-1\" \n\t\t\t\t\t\t\t\tdata-type=\"image\"\n\t\t\t\t\t\t\t\tdata-rsp_ch=\"on\"\n\t\t\t\t\t\t\t\tdata-xy=\"x:38px;y:409px;\"\n\t\t\t\t\t\t\t\tdata-text=\"l:22;a:inherit;\"\n\t\t\t\t\t\t\t\tdata-dim=\"w:152px;h:100px;\"\n\t\t\t\t\t\t\t\tdata-frame_1=\"st:590;sR:590;\"\n\t\t\t\t\t\t\t\tdata-frame_999=\"o:0;st:w;sR:8110;\"\n\t\t\t\t\t\t\t\tstyle=\"z-index:5;\"\n\t\t\t\t\t\t\t><img decoding=\"async\" src=\"\/\/editions-renmusic.com\/wp-content\/plugins\/revslider\/sr6\/assets\/assets\/dummy.png\" alt=\"LOGO EDITIONS RENMUSIC\" class=\"tp-rs-img rs-lazyload\" width=\"152\" height=\"100\" data-lazyload=\"\/\/editions-renmusic.com\/wp-content\/uploads\/2018\/08\/logo-editions-renmusic-pdp.png\" data-no-retina> \n\t\t\t\t\t\t\t<\/rs-layer><!--\n\n\t\t\t\t\t\t\t--><rs-layer\n\t\t\t\t\t\t\t\tid=\"slider-3-slide-8-layer-3\" \n\t\t\t\t\t\t\t\tdata-type=\"text\"\n\t\t\t\t\t\t\t\tdata-color=\"#0072bc\"\n\t\t\t\t\t\t\t\tdata-rsp_ch=\"on\"\n\t\t\t\t\t\t\t\tdata-xy=\"x:34px;y:532px;\"\n\t\t\t\t\t\t\t\tdata-text=\"s:40;l:55;fw:700;a:inherit;\"\n\t\t\t\t\t\t\t\tdata-frame_1=\"st:1820;sR:1820;\"\n\t\t\t\t\t\t\t\tdata-frame_999=\"o:0;st:w;sR:6880;\"\n\t\t\t\t\t\t\t\tstyle=\"z-index:6;font-family:'Oswald';\"\n\t\t\t\t\t\t\t>Ren Music  Musikverlag \n\t\t\t\t\t\t\t<\/rs-layer><!--\n-->\t\t\t\t\t<\/rs-slide>\n\t\t\t\t\t\t<rs-slide style=\"position: absolute;\" data-key=\"rs-9\" data-title=\"Slide\" data-anim=\"adpr:false;\" data-in=\"o:0;\" data-out=\"a:false;\">\n\t\t\t\t\t\t\t<img decoding=\"async\" src=\"\/\/editions-renmusic.com\/wp-content\/plugins\/revslider\/sr6\/assets\/assets\/dummy.png\" alt=\"\" title=\"Der RenMusic-Verlag\" class=\"rev-slidebg tp-rs-img rs-lazyload\" data-lazyload=\"\/\/editions-renmusic.com\/wp-content\/uploads\/2018\/08\/partition-musicale.jpg\" data-panzoom=\"d:10000;ss:110;se:100;\" data-no-retina>\n<!--\n\t\t\t\t\t\t\t--><rs-layer\n\t\t\t\t\t\t\t\tid=\"slider-3-slide-9-layer-1\" \n\t\t\t\t\t\t\t\tdata-type=\"image\"\n\t\t\t\t\t\t\t\tdata-rsp_ch=\"on\"\n\t\t\t\t\t\t\t\tdata-xy=\"x:-2px;\"\n\t\t\t\t\t\t\t\tdata-text=\"l:22;a:inherit;\"\n\t\t\t\t\t\t\t\tdata-dim=\"w:460px;h:604px;\"\n\t\t\t\t\t\t\t\tdata-frame_1=\"st:470;sR:470;\"\n\t\t\t\t\t\t\t\tdata-frame_999=\"o:0;st:w;sR:8230;\"\n\t\t\t\t\t\t\t\tstyle=\"z-index:5;\"\n\t\t\t\t\t\t\t><img fetchpriority=\"high\" decoding=\"async\" src=\"\/\/editions-renmusic.com\/wp-content\/plugins\/revslider\/sr6\/assets\/assets\/dummy.png\" alt=\"jouons du piano VOLUME 1 m\u00e9thode d'apprentissage du piano\" class=\"tp-rs-img rs-lazyload\" width=\"610\" height=\"800\" data-lazyload=\"\/\/editions-renmusic.com\/wp-content\/uploads\/2018\/08\/jouons-du-piano-vol1.jpg\" data-no-retina> \n\t\t\t\t\t\t\t<\/rs-layer><!--\n\n\t\t\t\t\t\t\t--><rs-layer\n\t\t\t\t\t\t\t\tid=\"slider-3-slide-9-layer-3\" \n\t\t\t\t\t\t\t\tdata-type=\"image\"\n\t\t\t\t\t\t\t\tdata-rsp_ch=\"on\"\n\t\t\t\t\t\t\t\tdata-xy=\"x:991px;y:41px;\"\n\t\t\t\t\t\t\t\tdata-text=\"l:22;a:inherit;\"\n\t\t\t\t\t\t\t\tdata-dim=\"w:152;h:100;\"\n\t\t\t\t\t\t\t\tdata-frame_1=\"st:960;sR:960;\"\n\t\t\t\t\t\t\t\tdata-frame_999=\"o:0;st:w;sR:7740;\"\n\t\t\t\t\t\t\t\tstyle=\"z-index:6;\"\n\t\t\t\t\t\t\t><img decoding=\"async\" src=\"\/\/editions-renmusic.com\/wp-content\/plugins\/revslider\/sr6\/assets\/assets\/dummy.png\" alt=\"LOGO EDITIONS RENMUSIC\" class=\"tp-rs-img rs-lazyload\" width=\"152\" height=\"100\" data-lazyload=\"\/\/editions-renmusic.com\/wp-content\/uploads\/2018\/08\/logo-editions-renmusic-pdp.png\" data-no-retina> \n\t\t\t\t\t\t\t<\/rs-layer><!--\n\n\t\t\t\t\t\t\t--><rs-layer\n\t\t\t\t\t\t\t\tid=\"slider-3-slide-9-layer-4\" \n\t\t\t\t\t\t\t\tdata-type=\"text\"\n\t\t\t\t\t\t\t\tdata-color=\"#0072bc\"\n\t\t\t\t\t\t\t\tdata-rsp_ch=\"on\"\n\t\t\t\t\t\t\t\tdata-xy=\"x:547px;y:147px;\"\n\t\t\t\t\t\t\t\tdata-text=\"s:33;l:33;ls:3px;fw:600;a:inherit;\"\n\t\t\t\t\t\t\t\tdata-dim=\"w:653px;h:47px;\"\n\t\t\t\t\t\t\t\tdata-frame_1=\"st:1560;sR:1560;\"\n\t\t\t\t\t\t\t\tdata-frame_999=\"o:0;st:w;sR:7140;\"\n\t\t\t\t\t\t\t\tstyle=\"z-index:7;font-family:'Oswald';\"\n\t\t\t\t\t\t\t>L\u2019ASST UNES KLAVIER SPIELEN, BAND 1 \n\t\t\t\t\t\t\t<\/rs-layer><!--\n\n\t\t\t\t\t\t\t--><rs-layer\n\t\t\t\t\t\t\t\tid=\"slider-3-slide-9-layer-5\" \n\t\t\t\t\t\t\t\tdata-type=\"text\"\n\t\t\t\t\t\t\t\tdata-color=\"#0072bc\"\n\t\t\t\t\t\t\t\tdata-rsp_ch=\"on\"\n\t\t\t\t\t\t\t\tdata-xy=\"x:881px;y:216px;\"\n\t\t\t\t\t\t\t\tdata-text=\"s:30;l:22;ls:3px;fw:700;a:inherit;\"\n\t\t\t\t\t\t\t\tdata-dim=\"w:525px;h:47px;\"\n\t\t\t\t\t\t\t\tdata-frame_1=\"st:1580;sR:1580;\"\n\t\t\t\t\t\t\t\tdata-frame_999=\"o:0;st:w;sR:7120;\"\n\t\t\t\t\t\t\t\tstyle=\"z-index:8;font-family:'Oswald';\"\n\t\t\t\t\t\t\t>Klaviermethode \n\t\t\t\t\t\t\t<\/rs-layer><!--\n\n\t\t\t\t\t\t\t--><a\n\t\t\t\t\t\t\t\tid=\"slider-3-slide-9-layer-6\" \n\t\t\t\t\t\t\t\tclass=\"rs-layer rev-btn\"\n\t\t\t\t\t\t\t\thref=\"https:\/\/editions-renmusic.com\/en\/produit\/lets-play-piano-vol-1\/\" target=\"_self\"\n\t\t\t\t\t\t\t\tdata-type=\"button\"\n\t\t\t\t\t\t\t\tdata-color=\"rgba(255,255,255,1)\"\n\t\t\t\t\t\t\t\tdata-xy=\"x:910px;y:269px;\"\n\t\t\t\t\t\t\t\tdata-text=\"s:17;l:17;ls:1px;fw:600;a:inherit;\"\n\t\t\t\t\t\t\t\tdata-rsp_bd=\"off\"\n\t\t\t\t\t\t\t\tdata-padding=\"t:12;r:35;b:12;l:35;\"\n\t\t\t\t\t\t\t\tdata-border=\"bor:3px,3px,3px,3px;\"\n\t\t\t\t\t\t\t\tdata-frame_999=\"o:0;st:w;sR:8700;\"\n\t\t\t\t\t\t\t\tdata-frame_hover=\"c:#0072bc;bgc:#fff;boc:#0072bc;bor:3px,3px,3px,3px;bos:solid;oX:50;oY:50;sp:0;e:none;\"\n\t\t\t\t\t\t\t\tstyle=\"z-index:9;background-color:#0072bc;font-family:'Oswald';cursor:pointer;outline:none;box-shadow:none;box-sizing:border-box;-moz-box-sizing:border-box;-webkit-box-sizing:border-box;\"\n\t\t\t\t\t\t\t>Online bestellen \n\t\t\t\t\t\t\t<\/a><!--\n-->\t\t\t\t\t<\/rs-slide>\n\t\t\t\t\t\t<rs-slide style=\"position: absolute;\" data-key=\"rs-10\" data-title=\"Slide\" data-anim=\"adpr:false;\" data-in=\"o:0;\" data-out=\"a:false;\">\n\t\t\t\t\t\t\t<img decoding=\"async\" src=\"\/\/editions-renmusic.com\/wp-content\/plugins\/revslider\/sr6\/assets\/assets\/dummy.png\" alt=\"\" title=\"Der RenMusic-Verlag\" class=\"rev-slidebg tp-rs-img rs-lazyload\" data-lazyload=\"\/\/editions-renmusic.com\/wp-content\/uploads\/2018\/08\/partition-musicale.jpg\" data-panzoom=\"d:10000;ss:110;se:100;\" data-no-retina>\n<!--\n\t\t\t\t\t\t\t--><rs-layer\n\t\t\t\t\t\t\t\tid=\"slider-3-slide-10-layer-1\" \n\t\t\t\t\t\t\t\tdata-type=\"image\"\n\t\t\t\t\t\t\t\tdata-rsp_ch=\"on\"\n\t\t\t\t\t\t\t\tdata-xy=\"x:776px;y:-10px;\"\n\t\t\t\t\t\t\t\tdata-text=\"l:22;a:inherit;\"\n\t\t\t\t\t\t\t\tdata-dim=\"w:460px;h:609px;\"\n\t\t\t\t\t\t\t\tdata-frame_1=\"st:470;sR:470;\"\n\t\t\t\t\t\t\t\tdata-frame_999=\"o:0;st:w;sR:8230;\"\n\t\t\t\t\t\t\t\tstyle=\"z-index:5;\"\n\t\t\t\t\t\t\t><img decoding=\"async\" src=\"\/\/editions-renmusic.com\/wp-content\/plugins\/revslider\/sr6\/assets\/assets\/dummy.png\" alt=\"\" class=\"tp-rs-img rs-lazyload\" width=\"1000\" height=\"1323\" data-lazyload=\"\/\/editions-renmusic.com\/wp-content\/uploads\/2024\/04\/couverture-site-vol2-f_d_e-2024.png\" data-no-retina> \n\t\t\t\t\t\t\t<\/rs-layer><!--\n\n\t\t\t\t\t\t\t--><rs-layer\n\t\t\t\t\t\t\t\tid=\"slider-3-slide-10-layer-3\" \n\t\t\t\t\t\t\t\tdata-type=\"image\"\n\t\t\t\t\t\t\t\tdata-rsp_ch=\"on\"\n\t\t\t\t\t\t\t\tdata-xy=\"x:55px;y:37px;\"\n\t\t\t\t\t\t\t\tdata-text=\"l:22;a:inherit;\"\n\t\t\t\t\t\t\t\tdata-dim=\"w:152;h:100;\"\n\t\t\t\t\t\t\t\tdata-frame_1=\"st:960;sR:960;\"\n\t\t\t\t\t\t\t\tdata-frame_999=\"o:0;st:w;sR:7740;\"\n\t\t\t\t\t\t\t\tstyle=\"z-index:6;\"\n\t\t\t\t\t\t\t><img decoding=\"async\" src=\"\/\/editions-renmusic.com\/wp-content\/plugins\/revslider\/sr6\/assets\/assets\/dummy.png\" alt=\"LOGO EDITIONS RENMUSIC\" class=\"tp-rs-img rs-lazyload\" width=\"152\" height=\"100\" data-lazyload=\"\/\/editions-renmusic.com\/wp-content\/uploads\/2018\/08\/logo-editions-renmusic-pdp.png\" data-no-retina> \n\t\t\t\t\t\t\t<\/rs-layer><!--\n\n\t\t\t\t\t\t\t--><rs-layer\n\t\t\t\t\t\t\t\tid=\"slider-3-slide-10-layer-4\" \n\t\t\t\t\t\t\t\tdata-type=\"text\"\n\t\t\t\t\t\t\t\tdata-color=\"#0072bc\"\n\t\t\t\t\t\t\t\tdata-rsp_ch=\"on\"\n\t\t\t\t\t\t\t\tdata-xy=\"x:64px;y:174px;\"\n\t\t\t\t\t\t\t\tdata-text=\"s:33;l:33;ls:3px;fw:700;a:inherit;\"\n\t\t\t\t\t\t\t\tdata-dim=\"w:641px;h:47px;\"\n\t\t\t\t\t\t\t\tdata-frame_1=\"st:1560;sR:1560;\"\n\t\t\t\t\t\t\t\tdata-frame_999=\"o:0;st:w;sR:7140;\"\n\t\t\t\t\t\t\t\tstyle=\"z-index:7;font-family:'Oswald';\"\n\t\t\t\t\t\t\t>L\u2019ASST UNES KLAVIER SPIELEN, BAND 2 \n\t\t\t\t\t\t\t<\/rs-layer><!--\n\n\t\t\t\t\t\t\t--><rs-layer\n\t\t\t\t\t\t\t\tid=\"slider-3-slide-10-layer-5\" \n\t\t\t\t\t\t\t\tdata-type=\"text\"\n\t\t\t\t\t\t\t\tdata-color=\"#0072bc\"\n\t\t\t\t\t\t\t\tdata-rsp_ch=\"on\"\n\t\t\t\t\t\t\t\tdata-xy=\"x:67px;y:231px;\"\n\t\t\t\t\t\t\t\tdata-text=\"s:30;l:22;ls:3px;fw:700;a:inherit;\"\n\t\t\t\t\t\t\t\tdata-dim=\"w:525px;h:47px;\"\n\t\t\t\t\t\t\t\tdata-frame_1=\"st:1580;sR:1580;\"\n\t\t\t\t\t\t\t\tdata-frame_999=\"o:0;st:w;sR:7120;\"\n\t\t\t\t\t\t\t\tstyle=\"z-index:8;font-family:'Oswald';\"\n\t\t\t\t\t\t\t>Klaviermethode \n\t\t\t\t\t\t\t<\/rs-layer><!--\n\n\t\t\t\t\t\t\t--><a\n\t\t\t\t\t\t\t\tid=\"slider-3-slide-10-layer-6\" \n\t\t\t\t\t\t\t\tclass=\"rs-layer rev-btn\"\n\t\t\t\t\t\t\t\thref=\"https:\/\/editions-renmusic.com\/en\/produit\/jouons-du-piano-volume-2\/\" target=\"_self\"\n\t\t\t\t\t\t\t\tdata-type=\"button\"\n\t\t\t\t\t\t\t\tdata-color=\"rgba(255,255,255,1)\"\n\t\t\t\t\t\t\t\tdata-xy=\"x:65px;y:275px;\"\n\t\t\t\t\t\t\t\tdata-text=\"s:17;l:17;ls:1px;fw:600;a:inherit;\"\n\t\t\t\t\t\t\t\tdata-rsp_bd=\"off\"\n\t\t\t\t\t\t\t\tdata-padding=\"t:12;r:35;b:12;l:35;\"\n\t\t\t\t\t\t\t\tdata-border=\"bor:3px,3px,3px,3px;\"\n\t\t\t\t\t\t\t\tdata-frame_999=\"o:0;st:w;sR:8700;\"\n\t\t\t\t\t\t\t\tdata-frame_hover=\"c:#0072bc;bgc:#fff;boc:#0072bc;bor:3px,3px,3px,3px;bos:solid;oX:50;oY:50;sp:0;e:none;\"\n\t\t\t\t\t\t\t\tstyle=\"z-index:9;background-color:#0072bc;font-family:'Oswald';cursor:pointer;outline:none;box-shadow:none;box-sizing:border-box;-moz-box-sizing:border-box;-webkit-box-sizing:border-box;\"\n\t\t\t\t\t\t\t>Online bestellen \n\t\t\t\t\t\t\t<\/a><!--\n-->\t\t\t\t\t<\/rs-slide>\n\t\t\t\t\t<\/rs-slides>\n\t\t\t\t<\/rs-module>\n\t\t\t\t<script>\n\t\t\t\t\tsetREVStartSize({c: 'rev_slider_3_1',rl:[1240,1024,778,480],el:[600],gw:[1240],gh:[600],type:'standard',justify:'',layout:'fullwidth',mh:\"0\"});if (window.RS_MODULES!==undefined && window.RS_MODULES.modules!==undefined && window.RS_MODULES.modules[\"revslider31\"]!==undefined) {window.RS_MODULES.modules[\"revslider31\"].once = false;window.revapi3 = undefined;if (window.RS_MODULES.checkMinimal!==undefined) window.RS_MODULES.checkMinimal()}\n\t\t\t\t<\/script>\n\t\t\t<\/rs-module-wrap>\n\t\t\t<!-- END REVOLUTION SLIDER -->\n[\/vc_column][\/vc_row][vc_row fullwidth=&#8220;true&#8220; attached=&#8220;true&#8220; seperator_indeed_locker=&#8220;&#8220; lk_t=&#8220;ism_template_1&#8243; lk_io=&#8220;default&#8220; lk_dm=&#8220;0&#8243; lk_thm=&#8220;0&#8243; lk_tuo=&#8220;0&#8243; ru_on=&#8220;0&#8243; uhc_on=&#8220;0&#8243; ur_on=&#8220;0&#8243; ref_on=&#8220;0&#8243;][vc_column][vc_empty_space][\/vc_column][\/vc_row][vc_row][vc_column width=&#8220;1\/2&#8243;][vc_empty_space height=&#8220;80px&#8220;][vc_column_text css=&#8220;.vc_custom_1537202798135{margin-bottom: 0px !important;}&#8220;]\n<h3><strong>Der RenMusic-Verlag<\/strong><\/h3>\n<p style=\"text-align: justify;\"><strong>RenMusic<\/strong> ist ein Musikverlag, der 2017 in Beaulieu-Sur-Mer mit der Ver\u00f6ffentlichung einer<strong> Klaviermethode<\/strong> f\u00fcr Anf\u00e4nger &#8220; <strong>jouons du piano<\/strong> &#8220; Band 1 und Band 2 von <em>Elvira Caflers<\/em> und <em>Natalia Godbillon<\/em> gegr\u00fcndet wurde.<\/p>\n<p style=\"text-align: justify;\">Der <strong>RenMusic-Verlag<\/strong> steht jedem Autor zur Verf\u00fcgung, der Lernmethoden f\u00fcr jedes Musikinstrument ver\u00f6ffentlichen m\u00f6chte, indem er uns per E-Mail unter <a href=\"mailto:contact@editions-renmusic.com\">contact@editions-renmusic.com<\/a> kontaktiert.<\/p>\n[\/vc_column_text][\/vc_column][vc_column width=&#8220;1\/2&#8243;][vc_column_text css=&#8220;.vc_custom_1534771357583{margin-bottom: 0px !important;}&#8220;]\n<h3 style=\"text-align: center;\"><strong>Bestseller<\/strong><\/h3>\n[\/vc_column_text][mk_woocommerce_recent_carousel style=&#8220;classic&#8220; title=&#8220;&#8220; per_view=&#8220;1&#8243;][\/vc_column][\/vc_row][vc_row fullwidth=&#8220;true&#8220; fullwidth_content=&#8220;false&#8220; seperator_indeed_locker=&#8220;&#8220; lk_t=&#8220;ism_template_1&#8243; lk_io=&#8220;default&#8220; lk_dm=&#8220;0&#8243; lk_thm=&#8220;0&#8243; lk_tuo=&#8220;0&#8243; ru_on=&#8220;0&#8243; uhc_on=&#8220;0&#8243; ur_on=&#8220;0&#8243; ref_on=&#8220;0&#8243; css=&#8220;.vc_custom_1534772014351{background-color: rgba(0,114,188,0.19) !important;*background-color: rgb(0,114,188) !important;}&#8220;][vc_column][vc_empty_space][vc_row_inner][vc_column_inner width=&#8220;1\/2&#8243;][vc_column_text css=&#8220;.vc_custom_1536153491679{margin-bottom: 0px !important;}&#8220;]\n<h2><strong>Der RenMusic Verlag pr\u00e4sentiert &#8230; <\/strong><\/h2>\n<h3><strong>&#8222;Klavier spielen&#8220; Band 1<\/strong><\/h3>\n<p style=\"text-align: justify;\">&#8230; eine einfache Methode zum Erlernen des Klavierspiels, die auch f\u00fcr Anf\u00e4nger geeignet ist, eine effektive P\u00e4dagogik mit einem aktuellen und abwechslungsreichen Repertoire.<\/p>\n[\/vc_column_text][mk_button dimension=&#8220;flat&#8220; corner_style=&#8220;rounded&#8220; size=&#8220;medium&#8220; icon=&#8220;mk-icon-shopping-cart&#8220; url=&#8220;https:\/\/editions-renmusic.com\/produit\/jouons-du-piano-volume-1\/&#8220;]Online bestellen[\/mk_button][vc_empty_space height=&#8220;45px&#8220;][vc_empty_space height=&#8220;45px&#8220;][vc_column_text css=&#8220;.vc_custom_1619621756817{margin-bottom: 0px !important;}&#8220;]\n<div class=\"page\" title=\"Seite 1\">\n<div class=\"layoutArea\">\n<div class=\"column\">\n<h4><strong>BEGLEITUNGEN f\u00fcr die Nummern 1 bis 15<\/strong><\/h4>\n<\/div>\n<\/div>\n<\/div>\n[\/vc_column_text][mk_button dimension=&#8220;flat&#8220; corner_style=&#8220;rounded&#8220; size=&#8220;medium&#8220; icon=&#8220;mk-icon-file-pdf-o&#8220; url=&#8220;https:\/\/editions-renmusic.com\/wp-content\/uploads\/2024\/05\/site-accompagnements_vol_1.pdf&#8220; target=&#8220;_blank&#8220; nofollow=&#8220;true&#8220;]Herunterladen von[\/mk_button][\/vc_column_inner][vc_column_inner width=&#8220;1\/2&#8243;][vc_single_image image=&#8220;58&#8243; img_size=&#8220;medium&#8220; onclick=&#8220;link_image&#8220;][\/vc_column_inner][\/vc_row_inner][vc_empty_space][\/vc_column][\/vc_row][vc_row fullwidth=&#8220;true&#8220; fullwidth_content=&#8220;false&#8220; seperator_indeed_locker=&#8220;&#8220; lk_t=&#8220;ism_template_1&#8243; lk_io=&#8220;default&#8220; lk_dm=&#8220;0&#8243; lk_thm=&#8220;0&#8243; lk_tuo=&#8220;0&#8243; ru_on=&#8220;0&#8243; uhc_on=&#8220;0&#8243; ur_on=&#8220;0&#8243; ref_on=&#8220;0&#8243; css=&#8220;.vc_custom_1534772721854{background-color: rgba(0,114,188,0.07) !important;*background-color: rgb(0,114,188) !important;}&#8220;][vc_column][vc_empty_space][vc_row_inner css=&#8220;.vc_custom_1534780097641{margin-bottom: -20px !important;}&#8220;][vc_column_inner width=&#8220;1\/2&#8243;][vc_single_image image=&#8220;13374&#8243; img_size=&#8220;medium&#8220; alignment=&#8220;right&#8220; onclick=&#8220;link_image&#8220;][\/vc_column_inner][vc_column_inner width=&#8220;1\/2&#8243;][vc_column_text css=&#8220;.vc_custom_1536672354345{margin-bottom: 0px !important;}&#8220;]\n<h2><strong>Der RenMusic Verlag pr\u00e4sentiert &#8230; <\/strong><\/h2>\n<h3><strong>&#8222;Klavier spielen&#8220; Band 2<\/strong><\/h3>\n<p style=\"text-align: justify;\">&#8230; dieser zweite Band enth\u00e4lt viele Neuheiten, neue Kompositionen, aber auch Klassiker wie Mozart, Beethoven, Bach, Couperin, Tsipoli, Schubert&#8230;<\/p>\n[\/vc_column_text][mk_button dimension=&#8220;flat&#8220; corner_style=&#8220;rounded&#8220; size=&#8220;medium&#8220; icon=&#8220;mk-icon-shopping-cart&#8220; url=&#8220;https:\/\/editions-renmusic.com\/produit\/jouons-du-piano-volume-1\/&#8220;]Online bestellen[\/mk_button][\/vc_column_inner][\/vc_row_inner][vc_empty_space][\/vc_column][\/vc_row][vc_row][vc_column][vc_column_text css=&#8220;.vc_custom_1563290189718{margin-bottom: 0px !important;}&#8220;]\n<h2><strong>Verfolgen Sie unsere Nachrichten in den sozialen Netzwerken<\/strong><\/h2>\n[\/vc_column_text][vc_row_inner][vc_column_inner width=&#8220;1\/4&#8243;][vc_single_image image=&#8220;1057&#8243; img_size=&#8220;full&#8220; onclick=&#8220;custom_link&#8220; img_link_target=&#8220;_blank&#8220; css_animation=&#8220;zoomIn&#8220; link=&#8220;https:\/\/www.instagram.com\/editionsrenmusic\/&#8220;][\/vc_column_inner][vc_column_inner width=&#8220;1\/4&#8243;][vc_single_image image=&#8220;1058&#8243; img_size=&#8220;full&#8220; onclick=&#8220;custom_link&#8220; img_link_target=&#8220;_blank&#8220; css_animation=&#8220;zoomIn&#8220; link=&#8220;https:\/\/www.facebook.com\/Les-\u00e9ditions-RenMusic-418176062117342&#8243;][\/vc_column_inner][vc_column_inner width=&#8220;1\/4&#8243;][\/vc_column_inner][vc_column_inner width=&#8220;1\/4&#8243;][\/vc_column_inner][\/vc_row_inner][\/vc_column][\/vc_row]\n<\/div>","protected":false},"excerpt":{"rendered":"<p>[vc_row fullwidth=&#8220;true&#8220; equal_columns=&#8220;true&#8220; attached=&#8220;true&#8220; seperator_indeed_locker=&#8220;&#8220; lk_t=&#8220;ism_template_1&#8243; lk_io=&#8220;default&#8220; lk_dm=&#8220;0&#8243; lk_thm=&#8220;0&#8243; lk_tuo=&#8220;0&#8243; ru_on=&#8220;0&#8243; uhc_on=&#8220;0&#8243; ur_on=&#8220;0&#8243; ref_on=&#8220;0&#8243; css=&#8220;.vc_custom_1534771378102{margin-top: -50px !important;}&#8220;][vc_column][\/vc_column][\/vc_row][vc_row fullwidth=&#8220;true&#8220; attached=&#8220;true&#8220; seperator_indeed_locker=&#8220;&#8220; lk_t=&#8220;ism_template_1&#8243; lk_io=&#8220;default&#8220; lk_dm=&#8220;0&#8243; lk_thm=&#8220;0&#8243; lk_tuo=&#8220;0&#8243; ru_on=&#8220;0&#8243; uhc_on=&#8220;0&#8243; ur_on=&#8220;0&#8243; ref_on=&#8220;0&#8243;][vc_column][vc_empty_space][\/vc_column][\/vc_row][vc_row][vc_column width=&#8220;1\/2&#8243;][vc_empty_space height=&#8220;80px&#8220;][vc_column_text css=&#8220;.vc_custom_1537202798135{margin-bottom: 0px !important;}&#8220;] Der RenMusic-Verlag RenMusic ist ein Musikverlag, der 2017 in Beaulieu-Sur-Mer mit der Ver\u00f6ffentlichung einer Klaviermethode f\u00fcr Anf\u00e4nger &#8220; jouons du piano [&hellip;]<\/p>\n","protected":false},"author":1,"featured_media":0,"parent":0,"menu_order":0,"comment_status":"closed","ping_status":"closed","template":"","meta":{"_acf_changed":false,"footnotes":""},"class_list":["post-13768","page","type-page","status-publish","hentry"],"acf":[],"yoast_head":"<!-- This site is optimized with the Yoast SEO plugin v26.8 - https:\/\/yoast.com\/product\/yoast-seo-wordpress\/ -->\n<title>RenMusic Verlag - Jouons du piano - Klavierunterricht f\u00fcr Anf\u00e4nger<\/title>\n<meta name=\"description\" content=\"Der RenMusic-Verlag bietet eine Klaviermethode f\u00fcr Anf\u00e4nger &quot;jouons du piano&quot; Band 1 und Band 2 zum Online-Kauf an.\" \/>\n<meta name=\"robots\" content=\"index, follow, max-snippet:-1, max-image-preview:large, max-video-preview:-1\" \/>\n<link rel=\"canonical\" href=\"https:\/\/editions-renmusic.com\/de\/\" \/>\n<meta property=\"og:locale\" content=\"de_DE\" \/>\n<meta property=\"og:type\" content=\"article\" \/>\n<meta property=\"og:title\" content=\"RenMusic Verlag - Jouons du piano - Klavierunterricht f\u00fcr Anf\u00e4nger\" \/>\n<meta property=\"og:description\" content=\"Der RenMusic-Verlag bietet eine Klaviermethode f\u00fcr Anf\u00e4nger &quot;jouons du piano&quot; Band 1 und Band 2 zum Online-Kauf an.\" \/>\n<meta property=\"og:url\" content=\"https:\/\/editions-renmusic.com\/de\/\" \/>\n<meta property=\"og:site_name\" content=\"Les Editions RenMusic Maison d&#039;\u00e9dition musical\" \/>\n<meta property=\"article:modified_time\" content=\"2024-10-19T15:32:04+00:00\" \/>\n<meta name=\"twitter:card\" content=\"summary_large_image\" \/>\n<meta name=\"twitter:label1\" content=\"Gesch\u00e4tzte Lesezeit\" \/>\n\t<meta name=\"twitter:data1\" content=\"3\u00a0Minuten\" \/>\n<script type=\"application\/ld+json\" class=\"yoast-schema-graph\">{\"@context\":\"https:\/\/schema.org\",\"@graph\":[{\"@type\":\"WebPage\",\"@id\":\"https:\/\/editions-renmusic.com\/de\/\",\"url\":\"https:\/\/editions-renmusic.com\/de\/\",\"name\":\"RenMusic Verlag - Jouons du piano - Klavierunterricht f\u00fcr Anf\u00e4nger\",\"isPartOf\":{\"@id\":\"https:\/\/editions-renmusic.com\/de\/#website\"},\"datePublished\":\"2018-08-07T15:37:59+00:00\",\"dateModified\":\"2024-10-19T15:32:04+00:00\",\"description\":\"Der RenMusic-Verlag bietet eine Klaviermethode f\u00fcr Anf\u00e4nger \\\"jouons du piano\\\" Band 1 und Band 2 zum Online-Kauf an.\",\"breadcrumb\":{\"@id\":\"https:\/\/editions-renmusic.com\/de\/#breadcrumb\"},\"inLanguage\":\"de\",\"potentialAction\":[{\"@type\":\"ReadAction\",\"target\":[\"https:\/\/editions-renmusic.com\/de\/\"]}]},{\"@type\":\"BreadcrumbList\",\"@id\":\"https:\/\/editions-renmusic.com\/de\/#breadcrumb\",\"itemListElement\":[{\"@type\":\"ListItem\",\"position\":1,\"name\":\"Home\",\"item\":\"https:\/\/editions-renmusic.com\/de\/\"},{\"@type\":\"ListItem\",\"position\":2,\"name\":\"Der RenMusic-Verlag\"}]},{\"@type\":\"WebSite\",\"@id\":\"https:\/\/editions-renmusic.com\/de\/#website\",\"url\":\"https:\/\/editions-renmusic.com\/de\/\",\"name\":\"Les Editions RenMusic Maison d&#039;\u00e9dition musical\",\"description\":\"\u00a0publication d&#039;une \u00a0m\u00e9thode de piano pour d\u00e9butant\",\"potentialAction\":[{\"@type\":\"SearchAction\",\"target\":{\"@type\":\"EntryPoint\",\"urlTemplate\":\"https:\/\/editions-renmusic.com\/de\/?s={search_term_string}\"},\"query-input\":{\"@type\":\"PropertyValueSpecification\",\"valueRequired\":true,\"valueName\":\"search_term_string\"}}],\"inLanguage\":\"de\"}]}<\/script>\n<!-- \/ Yoast SEO plugin. -->","yoast_head_json":{"title":"RenMusic Verlag - Jouons du piano - Klavierunterricht f\u00fcr Anf\u00e4nger","description":"Der RenMusic-Verlag bietet eine Klaviermethode f\u00fcr Anf\u00e4nger \"jouons du piano\" Band 1 und Band 2 zum Online-Kauf an.","robots":{"index":"index","follow":"follow","max-snippet":"max-snippet:-1","max-image-preview":"max-image-preview:large","max-video-preview":"max-video-preview:-1"},"canonical":"https:\/\/editions-renmusic.com\/de\/","og_locale":"de_DE","og_type":"article","og_title":"RenMusic Verlag - Jouons du piano - Klavierunterricht f\u00fcr Anf\u00e4nger","og_description":"Der RenMusic-Verlag bietet eine Klaviermethode f\u00fcr Anf\u00e4nger \"jouons du piano\" Band 1 und Band 2 zum Online-Kauf an.","og_url":"https:\/\/editions-renmusic.com\/de\/","og_site_name":"Les Editions RenMusic Maison d&#039;\u00e9dition musical","article_modified_time":"2024-10-19T15:32:04+00:00","twitter_card":"summary_large_image","twitter_misc":{"Gesch\u00e4tzte Lesezeit":"3\u00a0Minuten"},"schema":{"@context":"https:\/\/schema.org","@graph":[{"@type":"WebPage","@id":"https:\/\/editions-renmusic.com\/de\/","url":"https:\/\/editions-renmusic.com\/de\/","name":"RenMusic Verlag - Jouons du piano - Klavierunterricht f\u00fcr Anf\u00e4nger","isPartOf":{"@id":"https:\/\/editions-renmusic.com\/de\/#website"},"datePublished":"2018-08-07T15:37:59+00:00","dateModified":"2024-10-19T15:32:04+00:00","description":"Der RenMusic-Verlag bietet eine Klaviermethode f\u00fcr Anf\u00e4nger \"jouons du piano\" Band 1 und Band 2 zum Online-Kauf an.","breadcrumb":{"@id":"https:\/\/editions-renmusic.com\/de\/#breadcrumb"},"inLanguage":"de","potentialAction":[{"@type":"ReadAction","target":["https:\/\/editions-renmusic.com\/de\/"]}]},{"@type":"BreadcrumbList","@id":"https:\/\/editions-renmusic.com\/de\/#breadcrumb","itemListElement":[{"@type":"ListItem","position":1,"name":"Home","item":"https:\/\/editions-renmusic.com\/de\/"},{"@type":"ListItem","position":2,"name":"Der RenMusic-Verlag"}]},{"@type":"WebSite","@id":"https:\/\/editions-renmusic.com\/de\/#website","url":"https:\/\/editions-renmusic.com\/de\/","name":"Les Editions RenMusic Maison d&#039;\u00e9dition musical","description":"\u00a0publication d&#039;une \u00a0m\u00e9thode de piano pour d\u00e9butant","potentialAction":[{"@type":"SearchAction","target":{"@type":"EntryPoint","urlTemplate":"https:\/\/editions-renmusic.com\/de\/?s={search_term_string}"},"query-input":{"@type":"PropertyValueSpecification","valueRequired":true,"valueName":"search_term_string"}}],"inLanguage":"de"}]}},"_links":{"self":[{"href":"https:\/\/editions-renmusic.com\/de\/wp-json\/wp\/v2\/pages\/13768","targetHints":{"allow":["GET"]}}],"collection":[{"href":"https:\/\/editions-renmusic.com\/de\/wp-json\/wp\/v2\/pages"}],"about":[{"href":"https:\/\/editions-renmusic.com\/de\/wp-json\/wp\/v2\/types\/page"}],"author":[{"embeddable":true,"href":"https:\/\/editions-renmusic.com\/de\/wp-json\/wp\/v2\/users\/1"}],"replies":[{"embeddable":true,"href":"https:\/\/editions-renmusic.com\/de\/wp-json\/wp\/v2\/comments?post=13768"}],"version-history":[{"count":8,"href":"https:\/\/editions-renmusic.com\/de\/wp-json\/wp\/v2\/pages\/13768\/revisions"}],"predecessor-version":[{"id":13853,"href":"https:\/\/editions-renmusic.com\/de\/wp-json\/wp\/v2\/pages\/13768\/revisions\/13853"}],"wp:attachment":[{"href":"https:\/\/editions-renmusic.com\/de\/wp-json\/wp\/v2\/media?parent=13768"}],"curies":[{"name":"wp","href":"https:\/\/api.w.org\/{rel}","templated":true}]}}