{"id":13748,"date":"2018-07-31T10:22:11","date_gmt":"2018-07-31T10:22:11","guid":{"rendered":"https:\/\/editions-renmusic.com\/band-1\/"},"modified":"2018-07-31T10:22:11","modified_gmt":"2018-07-31T10:22:11","slug":"band-1","status":"publish","type":"page","link":"https:\/\/editions-renmusic.com\/de\/band-1\/","title":{"rendered":"Band 1"},"content":{"rendered":"<p><b>VOLUME 1<\/b><\/p>\n<p>Spielen wir Klavier<span class=\"Apple-converted-space\">  <\/span>Band 1 von Elvira Caflers und Natalie Godbillon, erschienen im Juli 2017.<span class=\"Apple-converted-space\"> <\/span><\/p>\n<p><b><i>Foto auf der Titelseite und Foto auf der Inhaltsseite<span class=\"Apple-converted-space\"> <\/span><\/i><\/b><\/p>\n<p><i>(Link zu dem, was dort zu finden ist): Grundlagen, Technik, \u00dcbungen<span class=\"Apple-converted-space\"> <\/span><\/i><\/p>\n<p><b>Die Grundlagen  <span class=\"Apple-converted-space\"> <\/span><\/b><\/p>\n<p><i>Foto und Auszug<span class=\"Apple-converted-space\"> <\/span><\/i><\/p>\n<p>Wir legen besonderen Wert auf die Positionierung des K\u00f6rpers und der H\u00e4nde, um Fortschritte zu machen. Die Verankerung und die Bewegungsfreiheit sind grundlegende pianistische Grundlagen. Dadurch wird der Sch\u00fcler in die Lage versetzt, flexibel zu spielen,<\/p>\n<p> <span class=\"Apple-converted-space\">  <\/span>Selbstsicherheit und Festigkeit<span class=\"Apple-converted-space\">  <\/span>Sie lernen, ohne Anspannung und entspannt zu spielen, damit Sie technische Fortschritte machen k\u00f6nnen. Anhand geeigneter St\u00fccke wird die Flexibilit\u00e4t der H\u00e4nde und Handgelenke trainiert, wobei die Qualit\u00e4t und Intensit\u00e4t des Klangs sowie die Konzentration, der Tastsinn und das Geh\u00f6r im Vordergrund stehen. Die vorgeschlagenen \u00dcbungen und St\u00fccke wurden speziell zusammengestellt, um die Grundlagen zu trainieren und die Bewegungen des gesamten sensomotorischen Apparats zu automatisieren.<\/p>\n<p>&nbsp;<\/p>\n<p><b>Die Technik<span class=\"Apple-converted-space\"> <\/span><\/b><\/p>\n<p><i>Foto und Auszug<span class=\"Apple-converted-space\"> <\/span><\/i><\/p>\n<p>Im Faden<span class=\"Apple-converted-space\">  <\/span>der Kurse , je nach Intensit\u00e4t<span class=\"Apple-converted-space\">  <\/span>Arbeit<span class=\"Apple-converted-space\">  <\/span>liefert , jeder in seinem eigenen Tempo<span class=\"Apple-converted-space\">  <\/span>und nach Lust und Laune<span class=\"Apple-converted-space\">  <\/span>geht<span class=\"Apple-converted-space\">  <\/span>Lernen Sie u.a.: die Synchronisation der H\u00e4nde: symmetrische und parallele Bewegungsspiele (Tonbeispiel), S.23 Die Unabh\u00e4ngigkeit der H\u00e4nde: Entwicklung der Koordination von Klang- und Rhythmusbewegungen (Bild- oder Tonbeispiel).<\/p>\n<p><span class=\"Apple-converted-space\"> <\/span><\/p>\n<p>Die verschiedenen Taktarten, Akkorde, vierh\u00e4ndiges Spiel (Auszug aus Tschaikowskys Blumenwalzer &#8222;Nussknacker&#8220;).<span class=\"Apple-converted-space\">  <\/span>Anordnung N.Godbillon<span class=\"Apple-converted-space\">  <\/span>\/E.Caflers )<\/p>\n<p><span class=\"Apple-converted-space\"> <\/span><\/p>\n<p><b>Die \u00dcbungen<span class=\"Apple-converted-space\"> <\/span><\/b><\/p>\n<p><i>Foto und Auszug<span class=\"Apple-converted-space\"> <\/span><\/i><\/p>\n<p>Die theoretischen Grundlagen und zahlreiche \u00dcbungen mit unseren eigenen Arrangements erm\u00f6glichen es dem Sch\u00fcler, aktuelle Melodien und moderne Melodien zu \u00fcben. Geschicklichkeit, Beweglichkeit, Pr\u00e4zision und Klangreinheit sind die Schl\u00fcsselw\u00f6rter f\u00fcr ein erfolgreiches Lernen!<\/p>\n<p>&nbsp;<\/p>\n","protected":false},"excerpt":{"rendered":"<p>VOLUME 1 Spielen wir Klavier Band 1 von Elvira Caflers und Natalie Godbillon, erschienen im Juli 2017. Foto auf der Titelseite und Foto auf der Inhaltsseite (Link zu dem, was dort zu finden ist): Grundlagen, Technik, \u00dcbungen Die Grundlagen Foto und Auszug Wir legen besonderen Wert auf die Positionierung des K\u00f6rpers und der H\u00e4nde, um [&hellip;]<\/p>\n","protected":false},"author":1,"featured_media":0,"parent":0,"menu_order":0,"comment_status":"closed","ping_status":"closed","template":"","meta":{"_acf_changed":false,"footnotes":""},"class_list":["post-13748","page","type-page","status-publish","hentry"],"acf":[],"yoast_head":"<!-- This site is optimized with the Yoast SEO plugin v26.8 - https:\/\/yoast.com\/product\/yoast-seo-wordpress\/ -->\n<title>Band 1 - Les Editions RenMusic Maison d&#039;\u00e9dition musical<\/title>\n<meta name=\"robots\" content=\"index, follow, max-snippet:-1, max-image-preview:large, max-video-preview:-1\" \/>\n<link rel=\"canonical\" href=\"https:\/\/editions-renmusic.com\/de\/band-1\/\" \/>\n<meta property=\"og:locale\" content=\"de_DE\" \/>\n<meta property=\"og:type\" content=\"article\" \/>\n<meta property=\"og:title\" content=\"Band 1 - Les Editions RenMusic Maison d&#039;\u00e9dition musical\" \/>\n<meta property=\"og:description\" content=\"VOLUME 1 Spielen wir Klavier Band 1 von Elvira Caflers und Natalie Godbillon, erschienen im Juli 2017. Foto auf der Titelseite und Foto auf der Inhaltsseite (Link zu dem, was dort zu finden ist): Grundlagen, Technik, \u00dcbungen Die Grundlagen Foto und Auszug Wir legen besonderen Wert auf die Positionierung des K\u00f6rpers und der H\u00e4nde, um [&hellip;]\" \/>\n<meta property=\"og:url\" content=\"https:\/\/editions-renmusic.com\/de\/band-1\/\" \/>\n<meta property=\"og:site_name\" content=\"Les Editions RenMusic Maison d&#039;\u00e9dition musical\" \/>\n<meta name=\"twitter:card\" content=\"summary_large_image\" \/>\n<meta name=\"twitter:label1\" content=\"Gesch\u00e4tzte Lesezeit\" \/>\n\t<meta name=\"twitter:data1\" content=\"1\u00a0Minute\" \/>\n<script type=\"application\/ld+json\" class=\"yoast-schema-graph\">{\"@context\":\"https:\/\/schema.org\",\"@graph\":[{\"@type\":\"WebPage\",\"@id\":\"https:\/\/editions-renmusic.com\/de\/band-1\/\",\"url\":\"https:\/\/editions-renmusic.com\/de\/band-1\/\",\"name\":\"Band 1 - Les Editions RenMusic Maison d&#039;\u00e9dition musical\",\"isPartOf\":{\"@id\":\"https:\/\/editions-renmusic.com\/de\/#website\"},\"datePublished\":\"2018-07-31T10:22:11+00:00\",\"breadcrumb\":{\"@id\":\"https:\/\/editions-renmusic.com\/de\/band-1\/#breadcrumb\"},\"inLanguage\":\"de\",\"potentialAction\":[{\"@type\":\"ReadAction\",\"target\":[\"https:\/\/editions-renmusic.com\/de\/band-1\/\"]}]},{\"@type\":\"BreadcrumbList\",\"@id\":\"https:\/\/editions-renmusic.com\/de\/band-1\/#breadcrumb\",\"itemListElement\":[{\"@type\":\"ListItem\",\"position\":1,\"name\":\"Home\",\"item\":\"https:\/\/editions-renmusic.com\/de\/\"},{\"@type\":\"ListItem\",\"position\":2,\"name\":\"Band 1\"}]},{\"@type\":\"WebSite\",\"@id\":\"https:\/\/editions-renmusic.com\/de\/#website\",\"url\":\"https:\/\/editions-renmusic.com\/de\/\",\"name\":\"Les Editions RenMusic Maison d&#039;\u00e9dition musical\",\"description\":\"\u00a0publication d&#039;une \u00a0m\u00e9thode de piano pour d\u00e9butant\",\"potentialAction\":[{\"@type\":\"SearchAction\",\"target\":{\"@type\":\"EntryPoint\",\"urlTemplate\":\"https:\/\/editions-renmusic.com\/de\/?s={search_term_string}\"},\"query-input\":{\"@type\":\"PropertyValueSpecification\",\"valueRequired\":true,\"valueName\":\"search_term_string\"}}],\"inLanguage\":\"de\"}]}<\/script>\n<!-- \/ Yoast SEO plugin. -->","yoast_head_json":{"title":"Band 1 - Les Editions RenMusic Maison d&#039;\u00e9dition musical","robots":{"index":"index","follow":"follow","max-snippet":"max-snippet:-1","max-image-preview":"max-image-preview:large","max-video-preview":"max-video-preview:-1"},"canonical":"https:\/\/editions-renmusic.com\/de\/band-1\/","og_locale":"de_DE","og_type":"article","og_title":"Band 1 - Les Editions RenMusic Maison d&#039;\u00e9dition musical","og_description":"VOLUME 1 Spielen wir Klavier Band 1 von Elvira Caflers und Natalie Godbillon, erschienen im Juli 2017. Foto auf der Titelseite und Foto auf der Inhaltsseite (Link zu dem, was dort zu finden ist): Grundlagen, Technik, \u00dcbungen Die Grundlagen Foto und Auszug Wir legen besonderen Wert auf die Positionierung des K\u00f6rpers und der H\u00e4nde, um [&hellip;]","og_url":"https:\/\/editions-renmusic.com\/de\/band-1\/","og_site_name":"Les Editions RenMusic Maison d&#039;\u00e9dition musical","twitter_card":"summary_large_image","twitter_misc":{"Gesch\u00e4tzte Lesezeit":"1\u00a0Minute"},"schema":{"@context":"https:\/\/schema.org","@graph":[{"@type":"WebPage","@id":"https:\/\/editions-renmusic.com\/de\/band-1\/","url":"https:\/\/editions-renmusic.com\/de\/band-1\/","name":"Band 1 - Les Editions RenMusic Maison d&#039;\u00e9dition musical","isPartOf":{"@id":"https:\/\/editions-renmusic.com\/de\/#website"},"datePublished":"2018-07-31T10:22:11+00:00","breadcrumb":{"@id":"https:\/\/editions-renmusic.com\/de\/band-1\/#breadcrumb"},"inLanguage":"de","potentialAction":[{"@type":"ReadAction","target":["https:\/\/editions-renmusic.com\/de\/band-1\/"]}]},{"@type":"BreadcrumbList","@id":"https:\/\/editions-renmusic.com\/de\/band-1\/#breadcrumb","itemListElement":[{"@type":"ListItem","position":1,"name":"Home","item":"https:\/\/editions-renmusic.com\/de\/"},{"@type":"ListItem","position":2,"name":"Band 1"}]},{"@type":"WebSite","@id":"https:\/\/editions-renmusic.com\/de\/#website","url":"https:\/\/editions-renmusic.com\/de\/","name":"Les Editions RenMusic Maison d&#039;\u00e9dition musical","description":"\u00a0publication d&#039;une \u00a0m\u00e9thode de piano pour d\u00e9butant","potentialAction":[{"@type":"SearchAction","target":{"@type":"EntryPoint","urlTemplate":"https:\/\/editions-renmusic.com\/de\/?s={search_term_string}"},"query-input":{"@type":"PropertyValueSpecification","valueRequired":true,"valueName":"search_term_string"}}],"inLanguage":"de"}]}},"_links":{"self":[{"href":"https:\/\/editions-renmusic.com\/de\/wp-json\/wp\/v2\/pages\/13748","targetHints":{"allow":["GET"]}}],"collection":[{"href":"https:\/\/editions-renmusic.com\/de\/wp-json\/wp\/v2\/pages"}],"about":[{"href":"https:\/\/editions-renmusic.com\/de\/wp-json\/wp\/v2\/types\/page"}],"author":[{"embeddable":true,"href":"https:\/\/editions-renmusic.com\/de\/wp-json\/wp\/v2\/users\/1"}],"replies":[{"embeddable":true,"href":"https:\/\/editions-renmusic.com\/de\/wp-json\/wp\/v2\/comments?post=13748"}],"version-history":[{"count":0,"href":"https:\/\/editions-renmusic.com\/de\/wp-json\/wp\/v2\/pages\/13748\/revisions"}],"wp:attachment":[{"href":"https:\/\/editions-renmusic.com\/de\/wp-json\/wp\/v2\/media?parent=13748"}],"curies":[{"name":"wp","href":"https:\/\/api.w.org\/{rel}","templated":true}]}}